{"id":1502,"date":"2022-10-26T12:00:22","date_gmt":"2022-10-26T12:00:22","guid":{"rendered":"https:\/\/mueblesitalianos.com\/site\/?post_type=product&#038;p=1502"},"modified":"2022-10-26T12:00:22","modified_gmt":"2022-10-26T12:00:22","slug":"otto-sofa","status":"publish","type":"product","link":"https:\/\/mueblesitalianos.com\/site\/producto\/otto-sofa\/","title":{"rendered":"Otto Sof\u00e1"},"content":{"rendered":"<p>Un retiro acogedor. Con su est\u00e9tica informal, Otto responde con l\u00edneas sencillas y tranquilizadoras a la necesidad de comodidad compartida. El coj\u00edn del asiento \u00fanico y profundo, suavemente acolchado con plumas, invita a relajarse y entretenerse con amigos. La l\u00ednea curva del respaldo va acompa\u00f1ada de numerosos cojines de plumas, que ofrecen un apoyo c\u00f3modo y personalizable. La tapicer\u00eda, disponible en todos los tejidos de la colecci\u00f3n y desenfundable, termina con una faldilla en la base.<\/p>\n","protected":false},"excerpt":{"rendered":"<p>Un retiro acogedor. Con su est\u00e9tica informal, Otto responde con l\u00edneas sencillas y tranquilizadoras a la necesidad de comodidad compartida.<\/p>\n","protected":false},"featured_media":1503,"template":"","meta":{"_joinchat":[]},"product_cat":[18],"product_tag":[],"class_list":{"0":"post-1502","1":"product","2":"type-product","3":"status-publish","4":"has-post-thumbnail","6":"product_cat-pianca-collection","8":"first","9":"outofstock","10":"shipping-taxable","11":"purchasable","12":"product-type-simple"},"aioseo_notices":[],"_links":{"self":[{"href":"https:\/\/mueblesitalianos.com\/site\/wp-json\/wp\/v2\/product\/1502","targetHints":{"allow":["GET"]}}],"collection":[{"href":"https:\/\/mueblesitalianos.com\/site\/wp-json\/wp\/v2\/product"}],"about":[{"href":"https:\/\/mueblesitalianos.com\/site\/wp-json\/wp\/v2\/types\/product"}],"wp:featuredmedia":[{"embeddable":true,"href":"https:\/\/mueblesitalianos.com\/site\/wp-json\/wp\/v2\/media\/1503"}],"wp:attachment":[{"href":"https:\/\/mueblesitalianos.com\/site\/wp-json\/wp\/v2\/media?parent=1502"}],"wp:term":[{"taxonomy":"product_cat","embeddable":true,"href":"https:\/\/mueblesitalianos.com\/site\/wp-json\/wp\/v2\/product_cat?post=1502"},{"taxonomy":"product_tag","embeddable":true,"href":"https:\/\/mueblesitalianos.com\/site\/wp-json\/wp\/v2\/product_tag?post=1502"}],"curies":[{"name":"wp","href":"https:\/\/api.w.org\/{rel}","templated":true}]}}