{"id":1506,"date":"2022-10-26T12:01:40","date_gmt":"2022-10-26T12:01:40","guid":{"rendered":"https:\/\/mueblesitalianos.com\/site\/?post_type=product&#038;p=1506"},"modified":"2022-10-26T12:01:41","modified_gmt":"2022-10-26T12:01:41","slug":"delano-sofa","status":"publish","type":"product","link":"https:\/\/mueblesitalianos.com\/site\/producto\/delano-sofa\/","title":{"rendered":"Delano Sof\u00e1"},"content":{"rendered":"<p>Un chapuz\u00f3n en la relajaci\u00f3n. Acogedor y voluminoso, Delano ofrece un asiento irresistible, acolchado con suave pluma. Acogedor y sofisticado, su dise\u00f1o es perfecto para el centro de la habitaci\u00f3n. Las composiciones modulares son innumerables y sugieren un uso muy libre y amistoso de los espacios. Disponible en dos alturas diferentes del respaldo y dos profundidades diferentes del coj\u00edn del asiento, se pueden combinar entre s\u00ed en configuraciones creativas, que se pueden integrar con librer\u00edas utilizadas como reposabrazos. Todos los cojines descansan sobre una tarima tapizada.<\/p>\n","protected":false},"excerpt":{"rendered":"<p>Un chapuz\u00f3n en la relajaci\u00f3n. Acogedor y voluminoso, Delano ofrece un asiento irresistible, acolchado con suave pluma. Acogedor y sofisticado, su dise\u00f1o es perfecto para el centro de la habitaci\u00f3n.<\/p>\n","protected":false},"featured_media":1507,"template":"","meta":{"_joinchat":[]},"product_cat":[18],"product_tag":[],"class_list":{"0":"post-1506","1":"product","2":"type-product","3":"status-publish","4":"has-post-thumbnail","6":"product_cat-pianca-collection","8":"first","9":"outofstock","10":"shipping-taxable","11":"purchasable","12":"product-type-simple"},"aioseo_notices":[],"_links":{"self":[{"href":"https:\/\/mueblesitalianos.com\/site\/wp-json\/wp\/v2\/product\/1506","targetHints":{"allow":["GET"]}}],"collection":[{"href":"https:\/\/mueblesitalianos.com\/site\/wp-json\/wp\/v2\/product"}],"about":[{"href":"https:\/\/mueblesitalianos.com\/site\/wp-json\/wp\/v2\/types\/product"}],"wp:featuredmedia":[{"embeddable":true,"href":"https:\/\/mueblesitalianos.com\/site\/wp-json\/wp\/v2\/media\/1507"}],"wp:attachment":[{"href":"https:\/\/mueblesitalianos.com\/site\/wp-json\/wp\/v2\/media?parent=1506"}],"wp:term":[{"taxonomy":"product_cat","embeddable":true,"href":"https:\/\/mueblesitalianos.com\/site\/wp-json\/wp\/v2\/product_cat?post=1506"},{"taxonomy":"product_tag","embeddable":true,"href":"https:\/\/mueblesitalianos.com\/site\/wp-json\/wp\/v2\/product_tag?post=1506"}],"curies":[{"name":"wp","href":"https:\/\/api.w.org\/{rel}","templated":true}]}}