{"id":1509,"date":"2022-10-26T12:03:20","date_gmt":"2022-10-26T12:03:20","guid":{"rendered":"https:\/\/mueblesitalianos.com\/site\/?post_type=product&#038;p=1509"},"modified":"2022-10-26T12:03:21","modified_gmt":"2022-10-26T12:03:21","slug":"laurie-silla","status":"publish","type":"product","link":"https:\/\/mueblesitalianos.com\/site\/producto\/laurie-silla\/","title":{"rendered":"Laurie Silla"},"content":{"rendered":"<p>Dise\u00f1o compacto, elegante y confortable: Laurie es un homenaje a la mejor tradici\u00f3n italiana, reinterpretada en clave contempor\u00e1nea por el estudio Calvi Brambilla. La frescura de su imagen proviene del uso de geometr\u00edas elementales y envolventes, conectadas por un notable minimalismo formal. La silueta caracter\u00edstica est\u00e1 compuesta por un casco inferior y un amplio respaldo curvo, juntado con un simple mecanismo de procedencia automovil\u00edstica. Los vol\u00famenes acogedores, casi maternales, invitan a sentarse y relajarse. La base sostiene la estructura de manera informal y \u00e1gil, a trav\u00e9s de cuatro patas acampanadas que recuerdan m\u00e1s una silla que un sill\u00f3n, lo que vuelve Laurie extremadamente vers\u00e1til y apto para cualquier habitaci\u00f3n, desde la sala hasta los dormitorios. La amplia posibilidad de personalizaci\u00f3n contribuye a su versatilidad. Gracias a los numerosos acabados disponibles para la base y la funda, se pueden obtener innumerables combinaciones, para satisfacer todos los gustos.<\/p>\n","protected":false},"excerpt":{"rendered":"<p>Dise\u00f1o compacto, elegante y confortable: Laurie es un homenaje a la mejor tradici\u00f3n italiana, reinterpretada en clave contempor\u00e1nea por el estudio Calvi Brambilla. La frescura de su imagen proviene del uso de geometr\u00edas elementales y envolventes, conectadas por un notable minimalismo formal.<\/p>\n","protected":false},"featured_media":1510,"template":"","meta":{"_joinchat":[]},"product_cat":[18],"product_tag":[],"class_list":{"0":"post-1509","1":"product","2":"type-product","3":"status-publish","4":"has-post-thumbnail","6":"product_cat-pianca-collection","8":"first","9":"outofstock","10":"shipping-taxable","11":"purchasable","12":"product-type-simple"},"aioseo_notices":[],"_links":{"self":[{"href":"https:\/\/mueblesitalianos.com\/site\/wp-json\/wp\/v2\/product\/1509","targetHints":{"allow":["GET"]}}],"collection":[{"href":"https:\/\/mueblesitalianos.com\/site\/wp-json\/wp\/v2\/product"}],"about":[{"href":"https:\/\/mueblesitalianos.com\/site\/wp-json\/wp\/v2\/types\/product"}],"wp:featuredmedia":[{"embeddable":true,"href":"https:\/\/mueblesitalianos.com\/site\/wp-json\/wp\/v2\/media\/1510"}],"wp:attachment":[{"href":"https:\/\/mueblesitalianos.com\/site\/wp-json\/wp\/v2\/media?parent=1509"}],"wp:term":[{"taxonomy":"product_cat","embeddable":true,"href":"https:\/\/mueblesitalianos.com\/site\/wp-json\/wp\/v2\/product_cat?post=1509"},{"taxonomy":"product_tag","embeddable":true,"href":"https:\/\/mueblesitalianos.com\/site\/wp-json\/wp\/v2\/product_tag?post=1509"}],"curies":[{"name":"wp","href":"https:\/\/api.w.org\/{rel}","templated":true}]}}