{"id":1512,"date":"2022-10-26T12:05:02","date_gmt":"2022-10-26T12:05:02","guid":{"rendered":"https:\/\/mueblesitalianos.com\/site\/?post_type=product&#038;p=1512"},"modified":"2022-10-26T12:05:02","modified_gmt":"2022-10-26T12:05:02","slug":"eden-sillon","status":"publish","type":"product","link":"https:\/\/mueblesitalianos.com\/site\/producto\/eden-sillon\/","title":{"rendered":"Eden Sill\u00f3n"},"content":{"rendered":"<p>Ligero como una nube, moderno y anti-convencional: el sill\u00f3n de la colecci\u00f3n Eden destaca por su car\u00e1cter l\u00fadico e informal. Fuera de lo convencional la opci\u00f3n de renunciar a estructura y base r\u00edgidas, en pro del acolchado en espuma de poliuretano y la base de tejido t\u00e9cnico, que descansa directamente en el suelo, mejorando su adherencia. Para embellecer y definir las formas suaves de Eden, un borde de tela recorre todo su per\u00edmetro. Los poufs tambi\u00e9n est\u00e1n disponibles en versi\u00f3n pespunteada.<\/p>\n","protected":false},"excerpt":{"rendered":"<p>Ligero como una nube, moderno y anti-convencional: el sill\u00f3n de la colecci\u00f3n Eden destaca por su car\u00e1cter l\u00fadico e informal.<\/p>\n","protected":false},"featured_media":1513,"template":"","meta":{"_joinchat":[]},"product_cat":[18],"product_tag":[],"class_list":{"0":"post-1512","1":"product","2":"type-product","3":"status-publish","4":"has-post-thumbnail","6":"product_cat-pianca-collection","8":"first","9":"outofstock","10":"shipping-taxable","11":"purchasable","12":"product-type-simple"},"aioseo_notices":[],"_links":{"self":[{"href":"https:\/\/mueblesitalianos.com\/site\/wp-json\/wp\/v2\/product\/1512","targetHints":{"allow":["GET"]}}],"collection":[{"href":"https:\/\/mueblesitalianos.com\/site\/wp-json\/wp\/v2\/product"}],"about":[{"href":"https:\/\/mueblesitalianos.com\/site\/wp-json\/wp\/v2\/types\/product"}],"wp:featuredmedia":[{"embeddable":true,"href":"https:\/\/mueblesitalianos.com\/site\/wp-json\/wp\/v2\/media\/1513"}],"wp:attachment":[{"href":"https:\/\/mueblesitalianos.com\/site\/wp-json\/wp\/v2\/media?parent=1512"}],"wp:term":[{"taxonomy":"product_cat","embeddable":true,"href":"https:\/\/mueblesitalianos.com\/site\/wp-json\/wp\/v2\/product_cat?post=1512"},{"taxonomy":"product_tag","embeddable":true,"href":"https:\/\/mueblesitalianos.com\/site\/wp-json\/wp\/v2\/product_tag?post=1512"}],"curies":[{"name":"wp","href":"https:\/\/api.w.org\/{rel}","templated":true}]}}