{"id":1515,"date":"2022-10-26T12:06:26","date_gmt":"2022-10-26T12:06:26","guid":{"rendered":"https:\/\/mueblesitalianos.com\/site\/?post_type=product&#038;p=1515"},"modified":"2022-10-26T12:06:26","modified_gmt":"2022-10-26T12:06:26","slug":"isotta-sillon","status":"publish","type":"product","link":"https:\/\/mueblesitalianos.com\/site\/producto\/isotta-sillon\/","title":{"rendered":"Isotta Sill\u00f3n"},"content":{"rendered":"<p>L\u00edneas claras, legibles y contempor\u00e1neas: Isotta reduce el asiento a lo esencial, renunciando a los vol\u00famenes y al acolchado, pero nunca a la comodidad. Una banda de cuero suave, disponible en blanco o negro, se modela individualmente sobre las formas y la postura del cuerpo, sujet\u00e1ndose a la estructura solo en los dos extremos. La base es totalmente de madera, disponible en fresno natural o lacado mate en blanco o negro. Las patas con forma se unen entre s\u00ed mediante un juego de geometr\u00edas lineales, proyectadas para resolver la est\u00e1tica del asiento con estilo.<\/p>\n","protected":false},"excerpt":{"rendered":"<p>L\u00edneas claras, legibles y contempor\u00e1neas: Isotta reduce el asiento a lo esencial, renunciando a los vol\u00famenes y al acolchado, pero nunca a la comodidad. Una banda de cuero suave, disponible en blanco o negro, se modela individualmente sobre las formas y la postura del cuerpo, sujet\u00e1ndose a la estructura solo en los dos extremos.<\/p>\n","protected":false},"featured_media":1516,"template":"","meta":{"_joinchat":[]},"product_cat":[18],"product_tag":[],"class_list":{"0":"post-1515","1":"product","2":"type-product","3":"status-publish","4":"has-post-thumbnail","6":"product_cat-pianca-collection","8":"first","9":"outofstock","10":"shipping-taxable","11":"purchasable","12":"product-type-simple"},"aioseo_notices":[],"_links":{"self":[{"href":"https:\/\/mueblesitalianos.com\/site\/wp-json\/wp\/v2\/product\/1515","targetHints":{"allow":["GET"]}}],"collection":[{"href":"https:\/\/mueblesitalianos.com\/site\/wp-json\/wp\/v2\/product"}],"about":[{"href":"https:\/\/mueblesitalianos.com\/site\/wp-json\/wp\/v2\/types\/product"}],"wp:featuredmedia":[{"embeddable":true,"href":"https:\/\/mueblesitalianos.com\/site\/wp-json\/wp\/v2\/media\/1516"}],"wp:attachment":[{"href":"https:\/\/mueblesitalianos.com\/site\/wp-json\/wp\/v2\/media?parent=1515"}],"wp:term":[{"taxonomy":"product_cat","embeddable":true,"href":"https:\/\/mueblesitalianos.com\/site\/wp-json\/wp\/v2\/product_cat?post=1515"},{"taxonomy":"product_tag","embeddable":true,"href":"https:\/\/mueblesitalianos.com\/site\/wp-json\/wp\/v2\/product_tag?post=1515"}],"curies":[{"name":"wp","href":"https:\/\/api.w.org\/{rel}","templated":true}]}}