{"id":1521,"date":"2022-10-26T12:11:23","date_gmt":"2022-10-26T12:11:23","guid":{"rendered":"https:\/\/mueblesitalianos.com\/site\/?post_type=product&#038;p=1521"},"modified":"2022-10-26T12:11:24","modified_gmt":"2022-10-26T12:11:24","slug":"cubo-pouf","status":"publish","type":"product","link":"https:\/\/mueblesitalianos.com\/site\/producto\/cubo-pouf\/","title":{"rendered":"Cubo Pouf"},"content":{"rendered":"<p>Multifac\u00e9tico y multifuncional: Cubo es un aliado \u00fatil en cualquier casa. Sus dimensiones reducidas y la geometr\u00eda esencial lo convierten en un complemento precioso, ideal para la zona de estar y los dormitorios. Puede ser un pr\u00e1ctico pouf de la sala, asiento adicional, combinado con un escritorio, mesilla de noche inusual, reposapi\u00e9s, con base fija o con ruedas. Cuenta con m\u00e1s de 200 acabados disponibles para la funda desenfundable, elegidos entre los tejidos de la colecci\u00f3n, o no desenfundable, en cuero o cuero sint\u00e9tico.<\/p>\n","protected":false},"excerpt":{"rendered":"<p>Multifac\u00e9tico y multifuncional: Cubo es un aliado \u00fatil en cualquier casa. Sus dimensiones reducidas y la geometr\u00eda esencial lo convierten en un complemento precioso, ideal para la zona de estar y los dormitorios.<\/p>\n","protected":false},"featured_media":1522,"template":"","meta":{"_joinchat":[]},"product_cat":[18],"product_tag":[],"class_list":{"0":"post-1521","1":"product","2":"type-product","3":"status-publish","4":"has-post-thumbnail","6":"product_cat-pianca-collection","8":"first","9":"outofstock","10":"shipping-taxable","11":"purchasable","12":"product-type-simple"},"aioseo_notices":[],"_links":{"self":[{"href":"https:\/\/mueblesitalianos.com\/site\/wp-json\/wp\/v2\/product\/1521","targetHints":{"allow":["GET"]}}],"collection":[{"href":"https:\/\/mueblesitalianos.com\/site\/wp-json\/wp\/v2\/product"}],"about":[{"href":"https:\/\/mueblesitalianos.com\/site\/wp-json\/wp\/v2\/types\/product"}],"wp:featuredmedia":[{"embeddable":true,"href":"https:\/\/mueblesitalianos.com\/site\/wp-json\/wp\/v2\/media\/1522"}],"wp:attachment":[{"href":"https:\/\/mueblesitalianos.com\/site\/wp-json\/wp\/v2\/media?parent=1521"}],"wp:term":[{"taxonomy":"product_cat","embeddable":true,"href":"https:\/\/mueblesitalianos.com\/site\/wp-json\/wp\/v2\/product_cat?post=1521"},{"taxonomy":"product_tag","embeddable":true,"href":"https:\/\/mueblesitalianos.com\/site\/wp-json\/wp\/v2\/product_tag?post=1521"}],"curies":[{"name":"wp","href":"https:\/\/api.w.org\/{rel}","templated":true}]}}