{"id":1527,"date":"2022-10-26T12:14:27","date_gmt":"2022-10-26T12:14:27","guid":{"rendered":"https:\/\/mueblesitalianos.com\/site\/?post_type=product&#038;p=1527"},"modified":"2022-10-26T12:14:27","modified_gmt":"2022-10-26T12:14:27","slug":"fushimi-banca","status":"publish","type":"product","link":"https:\/\/mueblesitalianos.com\/site\/producto\/fushimi-banca\/","title":{"rendered":"Fushimi Banca"},"content":{"rendered":"<p>Philippe Tabet realiza la familia de muebles Fushimi, estrechamente relacionada con la serie Inari, inspir\u00e1ndose en uno de los lugares sagrados m\u00e1s importantes de Kioto: el Fushimi Inari. Impresionado por la sencillez y armon\u00eda de estos elementos arquitect\u00f3nicos tan queridos por la cultura japonesa, el dise\u00f1ador ha optado por evocar su estructura, formada tradicionalmente por dos columnas de soporte verticales y un poste horizontal en la parte superior. Revisando esta composici\u00f3n a peque\u00f1a escala, Fushimi la convierte en el elemento constitutivo de su dise\u00f1o. Protagonista es la madera maciza de fresno, fresada y torneada mediante una elaboraci\u00f3n que asegura la ausencia total de aristas y un tacto suave. Tambi\u00e9n se prest\u00f3 especial atenci\u00f3n a las juntas, suavemente perfiladas para asegurar la continuidad de las l\u00edneas y la conexi\u00f3n armoniosa entre las piezas. Simetr\u00eda, equilibrio, elegancia y minimalismo formal son el hilo conductor de Fushimi, que proporciona una idea de ligereza y esencialidad.<\/p>\n","protected":false},"excerpt":{"rendered":"<p>Philippe Tabet realiza la familia de muebles Fushimi, estrechamente relacionada con la serie Inari, inspir\u00e1ndose en uno de los lugares sagrados m\u00e1s importantes de Kioto<\/p>\n","protected":false},"featured_media":1528,"template":"","meta":{"_joinchat":[]},"product_cat":[18],"product_tag":[],"class_list":{"0":"post-1527","1":"product","2":"type-product","3":"status-publish","4":"has-post-thumbnail","6":"product_cat-pianca-collection","8":"first","9":"outofstock","10":"shipping-taxable","11":"purchasable","12":"product-type-simple"},"aioseo_notices":[],"_links":{"self":[{"href":"https:\/\/mueblesitalianos.com\/site\/wp-json\/wp\/v2\/product\/1527","targetHints":{"allow":["GET"]}}],"collection":[{"href":"https:\/\/mueblesitalianos.com\/site\/wp-json\/wp\/v2\/product"}],"about":[{"href":"https:\/\/mueblesitalianos.com\/site\/wp-json\/wp\/v2\/types\/product"}],"wp:featuredmedia":[{"embeddable":true,"href":"https:\/\/mueblesitalianos.com\/site\/wp-json\/wp\/v2\/media\/1528"}],"wp:attachment":[{"href":"https:\/\/mueblesitalianos.com\/site\/wp-json\/wp\/v2\/media?parent=1527"}],"wp:term":[{"taxonomy":"product_cat","embeddable":true,"href":"https:\/\/mueblesitalianos.com\/site\/wp-json\/wp\/v2\/product_cat?post=1527"},{"taxonomy":"product_tag","embeddable":true,"href":"https:\/\/mueblesitalianos.com\/site\/wp-json\/wp\/v2\/product_tag?post=1527"}],"curies":[{"name":"wp","href":"https:\/\/api.w.org\/{rel}","templated":true}]}}