{"id":1530,"date":"2022-10-26T12:17:37","date_gmt":"2022-10-26T12:17:37","guid":{"rendered":"https:\/\/mueblesitalianos.com\/site\/?post_type=product&#038;p=1530"},"modified":"2022-10-26T12:17:38","modified_gmt":"2022-10-26T12:17:38","slug":"baio-mesita","status":"publish","type":"product","link":"https:\/\/mueblesitalianos.com\/site\/producto\/baio-mesita\/","title":{"rendered":"Baio Mesita"},"content":{"rendered":"<p>Exc\u00e9ntrico y singular, el detalle que a\u00fana toda la serie Baio es el resultado de una inspiraci\u00f3n nacida en Islandia. Fue la imagen ic\u00f3nica de una manada de caballos la que sugiri\u00f3 a los dise\u00f1adores la idea de vestir las patas de las mesitas con un \u201ccasco\u201d de forma alargada y achaflanada. Es un elemento que confiere al dise\u00f1o una est\u00e9tica fuera de lo tradicional y una base m\u00e1s pegada al suelo. El equilibrio compositivo resultante es refinado y delicado. En la versi\u00f3n con sobre redondo, la pata central \u00fanica se fija a una placa de apoyo circular, que discretamente da firmeza al conjunto. Otra peculiaridad de Baio es la considerable variedad de medidas y formas disponibles, que se suma al amplio abanico de posibilidades de personalizar materiales, colores y acabados.<\/p>\n","protected":false},"excerpt":{"rendered":"<p>Exc\u00e9ntrico y singular, el detalle que a\u00fana toda la serie Baio es el resultado de una inspiraci\u00f3n nacida en Islandia. Fue la imagen ic\u00f3nica de una manada de caballos la que sugiri\u00f3 a los dise\u00f1adores la idea de vestir las patas de las mesitas con un \u201ccasco\u201d de forma alargada y achaflanada.<\/p>\n","protected":false},"featured_media":1531,"template":"","meta":{"_joinchat":[]},"product_cat":[18],"product_tag":[],"class_list":{"0":"post-1530","1":"product","2":"type-product","3":"status-publish","4":"has-post-thumbnail","6":"product_cat-pianca-collection","8":"first","9":"outofstock","10":"shipping-taxable","11":"purchasable","12":"product-type-simple"},"aioseo_notices":[],"_links":{"self":[{"href":"https:\/\/mueblesitalianos.com\/site\/wp-json\/wp\/v2\/product\/1530","targetHints":{"allow":["GET"]}}],"collection":[{"href":"https:\/\/mueblesitalianos.com\/site\/wp-json\/wp\/v2\/product"}],"about":[{"href":"https:\/\/mueblesitalianos.com\/site\/wp-json\/wp\/v2\/types\/product"}],"wp:featuredmedia":[{"embeddable":true,"href":"https:\/\/mueblesitalianos.com\/site\/wp-json\/wp\/v2\/media\/1531"}],"wp:attachment":[{"href":"https:\/\/mueblesitalianos.com\/site\/wp-json\/wp\/v2\/media?parent=1530"}],"wp:term":[{"taxonomy":"product_cat","embeddable":true,"href":"https:\/\/mueblesitalianos.com\/site\/wp-json\/wp\/v2\/product_cat?post=1530"},{"taxonomy":"product_tag","embeddable":true,"href":"https:\/\/mueblesitalianos.com\/site\/wp-json\/wp\/v2\/product_tag?post=1530"}],"curies":[{"name":"wp","href":"https:\/\/api.w.org\/{rel}","templated":true}]}}