{"id":1541,"date":"2022-10-26T12:20:08","date_gmt":"2022-10-26T12:20:08","guid":{"rendered":"https:\/\/mueblesitalianos.com\/site\/?post_type=product&#038;p=1541"},"modified":"2022-10-26T12:20:08","modified_gmt":"2022-10-26T12:20:08","slug":"servogiro-mesita","status":"publish","type":"product","link":"https:\/\/mueblesitalianos.com\/site\/producto\/servogiro-mesita\/","title":{"rendered":"Servogiro Mesita"},"content":{"rendered":"<p>Dise\u00f1o contempor\u00e1neo y elegante para una mesita que no renuncia a un aura retro: se llama Servoquadro en versi\u00f3n cuadrada, Servogiro en la redonda. La estructura est\u00e1 dise\u00f1ada para abrazar el asiento del sof\u00e1 y constituir un complemento precioso para el \u00e1rea de relajaci\u00f3n.<\/p>\n","protected":false},"excerpt":{"rendered":"<p>Dise\u00f1o contempor\u00e1neo y elegante para una mesita que no renuncia a un aura retro: se llama Servoquadro en versi\u00f3n cuadrada, Servogiro en la redonda. La estructura est\u00e1 dise\u00f1ada para abrazar el asiento del sof\u00e1 y constituir un complemento precioso para el \u00e1rea de relajaci\u00f3n.<\/p>\n","protected":false},"featured_media":1542,"template":"","meta":{"_joinchat":[]},"product_cat":[18],"product_tag":[],"class_list":{"0":"post-1541","1":"product","2":"type-product","3":"status-publish","4":"has-post-thumbnail","6":"product_cat-pianca-collection","8":"first","9":"outofstock","10":"shipping-taxable","11":"purchasable","12":"product-type-simple"},"aioseo_notices":[],"_links":{"self":[{"href":"https:\/\/mueblesitalianos.com\/site\/wp-json\/wp\/v2\/product\/1541","targetHints":{"allow":["GET"]}}],"collection":[{"href":"https:\/\/mueblesitalianos.com\/site\/wp-json\/wp\/v2\/product"}],"about":[{"href":"https:\/\/mueblesitalianos.com\/site\/wp-json\/wp\/v2\/types\/product"}],"wp:featuredmedia":[{"embeddable":true,"href":"https:\/\/mueblesitalianos.com\/site\/wp-json\/wp\/v2\/media\/1542"}],"wp:attachment":[{"href":"https:\/\/mueblesitalianos.com\/site\/wp-json\/wp\/v2\/media?parent=1541"}],"wp:term":[{"taxonomy":"product_cat","embeddable":true,"href":"https:\/\/mueblesitalianos.com\/site\/wp-json\/wp\/v2\/product_cat?post=1541"},{"taxonomy":"product_tag","embeddable":true,"href":"https:\/\/mueblesitalianos.com\/site\/wp-json\/wp\/v2\/product_tag?post=1541"}],"curies":[{"name":"wp","href":"https:\/\/api.w.org\/{rel}","templated":true}]}}