{"id":1545,"date":"2022-10-26T12:21:39","date_gmt":"2022-10-26T12:21:39","guid":{"rendered":"https:\/\/mueblesitalianos.com\/site\/?post_type=product&#038;p=1545"},"modified":"2022-10-26T12:21:39","modified_gmt":"2022-10-26T12:21:39","slug":"ala-escritorio","status":"publish","type":"product","link":"https:\/\/mueblesitalianos.com\/site\/producto\/ala-escritorio\/","title":{"rendered":"Ala Escritorio"},"content":{"rendered":"<p>Ligero, compacto, riguroso: al formar un solo trazo horizontal suspendido en el aire, Ala interpreta un escritorio con cajones moderno, funcional y espacioso. Surge de una idea sencilla y se convierte en dise\u00f1o sofisticado y cautivador, apto para cualquier vivienda. Est\u00e1 conectado estructural y formalmente a un panel trasero de madera fijado a la pared. El tablero est\u00e1 equipado con gu\u00edas de extracci\u00f3n total, que garantizan el m\u00e1ximo aprovechamiento de los cajones internos. Ala se puede integrar con los programas People y Spazio, de los cuales se convierte en complemento y extensi\u00f3n natural.<\/p>\n","protected":false},"excerpt":{"rendered":"<p>Ligero, compacto, riguroso: al formar un solo trazo horizontal suspendido en el aire, Ala interpreta un escritorio con cajones moderno, funcional y espacioso.<\/p>\n","protected":false},"featured_media":1546,"template":"","meta":{"_joinchat":[]},"product_cat":[18],"product_tag":[],"class_list":{"0":"post-1545","1":"product","2":"type-product","3":"status-publish","4":"has-post-thumbnail","6":"product_cat-pianca-collection","8":"first","9":"outofstock","10":"shipping-taxable","11":"purchasable","12":"product-type-simple"},"aioseo_notices":[],"_links":{"self":[{"href":"https:\/\/mueblesitalianos.com\/site\/wp-json\/wp\/v2\/product\/1545","targetHints":{"allow":["GET"]}}],"collection":[{"href":"https:\/\/mueblesitalianos.com\/site\/wp-json\/wp\/v2\/product"}],"about":[{"href":"https:\/\/mueblesitalianos.com\/site\/wp-json\/wp\/v2\/types\/product"}],"wp:featuredmedia":[{"embeddable":true,"href":"https:\/\/mueblesitalianos.com\/site\/wp-json\/wp\/v2\/media\/1546"}],"wp:attachment":[{"href":"https:\/\/mueblesitalianos.com\/site\/wp-json\/wp\/v2\/media?parent=1545"}],"wp:term":[{"taxonomy":"product_cat","embeddable":true,"href":"https:\/\/mueblesitalianos.com\/site\/wp-json\/wp\/v2\/product_cat?post=1545"},{"taxonomy":"product_tag","embeddable":true,"href":"https:\/\/mueblesitalianos.com\/site\/wp-json\/wp\/v2\/product_tag?post=1545"}],"curies":[{"name":"wp","href":"https:\/\/api.w.org\/{rel}","templated":true}]}}