{"id":1548,"date":"2022-10-26T12:23:13","date_gmt":"2022-10-26T12:23:13","guid":{"rendered":"https:\/\/mueblesitalianos.com\/site\/?post_type=product&#038;p=1548"},"modified":"2022-10-26T12:23:13","modified_gmt":"2022-10-26T12:23:13","slug":"domino-escritorio","status":"publish","type":"product","link":"https:\/\/mueblesitalianos.com\/site\/producto\/domino-escritorio\/","title":{"rendered":"Domino Escritorio"},"content":{"rendered":"<p>Escritorio, puesto de trabajo, pero tambi\u00e9n simplemente una mesa: Domino posee su propia identidad est\u00e9tica y formal, y al mismo tiempo la capacidad de articularse en muchas formas diferentes, para ofrecer m\u00faltiples posibilidades funcionales. Puede integrarse con los sistemas People y Spazio, a los que se ajusta perfectamente, gracias a lo que comparten: dise\u00f1o lineal y esencial, plegado de los paneles, mismos acabados. Domino ofrece configuraciones estructurales y dimensionales muy variadas: en la versi\u00f3n autoportante se apoya en los costados de madera, patas met\u00e1licas o m\u00f3dulos de almacenamiento (en este caso solo en un lado), mientras que en la versi\u00f3n en voladizo se fija directamente a la pared con unas escuadras.<\/p>\n","protected":false},"excerpt":{"rendered":"<p>Escritorio, puesto de trabajo, pero tambi\u00e9n simplemente una mesa<\/p>\n","protected":false},"featured_media":1549,"template":"","meta":{"_joinchat":[]},"product_cat":[18],"product_tag":[],"class_list":{"0":"post-1548","1":"product","2":"type-product","3":"status-publish","4":"has-post-thumbnail","6":"product_cat-pianca-collection","8":"first","9":"outofstock","10":"shipping-taxable","11":"purchasable","12":"product-type-simple"},"aioseo_notices":[],"_links":{"self":[{"href":"https:\/\/mueblesitalianos.com\/site\/wp-json\/wp\/v2\/product\/1548","targetHints":{"allow":["GET"]}}],"collection":[{"href":"https:\/\/mueblesitalianos.com\/site\/wp-json\/wp\/v2\/product"}],"about":[{"href":"https:\/\/mueblesitalianos.com\/site\/wp-json\/wp\/v2\/types\/product"}],"wp:featuredmedia":[{"embeddable":true,"href":"https:\/\/mueblesitalianos.com\/site\/wp-json\/wp\/v2\/media\/1549"}],"wp:attachment":[{"href":"https:\/\/mueblesitalianos.com\/site\/wp-json\/wp\/v2\/media?parent=1548"}],"wp:term":[{"taxonomy":"product_cat","embeddable":true,"href":"https:\/\/mueblesitalianos.com\/site\/wp-json\/wp\/v2\/product_cat?post=1548"},{"taxonomy":"product_tag","embeddable":true,"href":"https:\/\/mueblesitalianos.com\/site\/wp-json\/wp\/v2\/product_tag?post=1548"}],"curies":[{"name":"wp","href":"https:\/\/api.w.org\/{rel}","templated":true}]}}