{"id":1551,"date":"2022-10-26T12:26:13","date_gmt":"2022-10-26T12:26:13","guid":{"rendered":"https:\/\/mueblesitalianos.com\/site\/?post_type=product&#038;p=1551"},"modified":"2022-10-26T12:26:13","modified_gmt":"2022-10-26T12:26:13","slug":"snake-vestidor","status":"publish","type":"product","link":"https:\/\/mueblesitalianos.com\/site\/producto\/snake-vestidor\/","title":{"rendered":"Snake Vestidor"},"content":{"rendered":"<p>Una nueva forma de entender el vestidor, una creatividad que recorre los costados y estantes al cent\u00edmetro para crear espacios y formas l\u00fadicas pero siempre funcionales. Sistemas de fijaci\u00f3n a pared o panel. Cajoneras en el suelo, sobre ruedas o suspendidas, a elegir entre las distintas colecciones de Pianca, completan la personalizaci\u00f3n de las composiciones. Las dimensiones personalizadas ofrecen la posibilidad de crear cualquier dibujo en la pared.<\/p>\n","protected":false},"excerpt":{"rendered":"<p>Una nueva forma de entender el vestidor, una creatividad que recorre los costados y estantes al cent\u00edmetro para crear espacios y formas l\u00fadicas pero siempre funcionales. Sistemas de fijaci\u00f3n a pared o panel.<\/p>\n","protected":false},"featured_media":1552,"template":"","meta":{"_joinchat":[]},"product_cat":[18],"product_tag":[],"class_list":{"0":"post-1551","1":"product","2":"type-product","3":"status-publish","4":"has-post-thumbnail","6":"product_cat-pianca-collection","8":"first","9":"outofstock","10":"shipping-taxable","11":"purchasable","12":"product-type-simple"},"aioseo_notices":[],"_links":{"self":[{"href":"https:\/\/mueblesitalianos.com\/site\/wp-json\/wp\/v2\/product\/1551","targetHints":{"allow":["GET"]}}],"collection":[{"href":"https:\/\/mueblesitalianos.com\/site\/wp-json\/wp\/v2\/product"}],"about":[{"href":"https:\/\/mueblesitalianos.com\/site\/wp-json\/wp\/v2\/types\/product"}],"wp:featuredmedia":[{"embeddable":true,"href":"https:\/\/mueblesitalianos.com\/site\/wp-json\/wp\/v2\/media\/1552"}],"wp:attachment":[{"href":"https:\/\/mueblesitalianos.com\/site\/wp-json\/wp\/v2\/media?parent=1551"}],"wp:term":[{"taxonomy":"product_cat","embeddable":true,"href":"https:\/\/mueblesitalianos.com\/site\/wp-json\/wp\/v2\/product_cat?post=1551"},{"taxonomy":"product_tag","embeddable":true,"href":"https:\/\/mueblesitalianos.com\/site\/wp-json\/wp\/v2\/product_tag?post=1551"}],"curies":[{"name":"wp","href":"https:\/\/api.w.org\/{rel}","templated":true}]}}