{"id":1555,"date":"2022-10-26T12:27:48","date_gmt":"2022-10-26T12:27:48","guid":{"rendered":"https:\/\/mueblesitalianos.com\/site\/?post_type=product&#038;p=1555"},"modified":"2022-10-26T12:27:48","modified_gmt":"2022-10-26T12:27:48","slug":"vista-vestidor","status":"publish","type":"product","link":"https:\/\/mueblesitalianos.com\/site\/producto\/vista-vestidor\/","title":{"rendered":"Vista Vestidor"},"content":{"rendered":"<p>Combina con los vestidores Pianca por sus tonos de discreci\u00f3n y sobriedad, a fin de crear una divisi\u00f3n osm\u00f3tica entre espacios. La limpieza formal, la ligereza, la modularidad al cent\u00edmetro hacen de Vistaun sistema de cierre minimal y sumamente vers\u00e1til. Su caracter\u00edstica precipua es la ausencia total de marcos, en ambas versiones de la puerta, de madera y de cristal. Con uno o dos rieles, la estructura de las gu\u00edas de aluminio se puede fijar a la pared, al techo o empotrar, para un efecto oculto incre\u00edble.<\/p>\n","protected":false},"excerpt":{"rendered":"<p>Combina con los vestidores Pianca por sus tonos de discreci\u00f3n y sobriedad, a fin de crear una divisi\u00f3n osm\u00f3tica entre espacios.<\/p>\n","protected":false},"featured_media":1556,"template":"","meta":{"_joinchat":[]},"product_cat":[18],"product_tag":[],"class_list":{"0":"post-1555","1":"product","2":"type-product","3":"status-publish","4":"has-post-thumbnail","6":"product_cat-pianca-collection","8":"first","9":"outofstock","10":"shipping-taxable","11":"purchasable","12":"product-type-simple"},"aioseo_notices":[],"_links":{"self":[{"href":"https:\/\/mueblesitalianos.com\/site\/wp-json\/wp\/v2\/product\/1555","targetHints":{"allow":["GET"]}}],"collection":[{"href":"https:\/\/mueblesitalianos.com\/site\/wp-json\/wp\/v2\/product"}],"about":[{"href":"https:\/\/mueblesitalianos.com\/site\/wp-json\/wp\/v2\/types\/product"}],"wp:featuredmedia":[{"embeddable":true,"href":"https:\/\/mueblesitalianos.com\/site\/wp-json\/wp\/v2\/media\/1556"}],"wp:attachment":[{"href":"https:\/\/mueblesitalianos.com\/site\/wp-json\/wp\/v2\/media?parent=1555"}],"wp:term":[{"taxonomy":"product_cat","embeddable":true,"href":"https:\/\/mueblesitalianos.com\/site\/wp-json\/wp\/v2\/product_cat?post=1555"},{"taxonomy":"product_tag","embeddable":true,"href":"https:\/\/mueblesitalianos.com\/site\/wp-json\/wp\/v2\/product_tag?post=1555"}],"curies":[{"name":"wp","href":"https:\/\/api.w.org\/{rel}","templated":true}]}}