{"id":1559,"date":"2022-10-26T12:29:53","date_gmt":"2022-10-26T12:29:53","guid":{"rendered":"https:\/\/mueblesitalianos.com\/site\/?post_type=product&#038;p=1559"},"modified":"2022-10-26T12:29:53","modified_gmt":"2022-10-26T12:29:53","slug":"amalfi-armario","status":"publish","type":"product","link":"https:\/\/mueblesitalianos.com\/site\/producto\/amalfi-armario\/","title":{"rendered":"Amalfi Armario"},"content":{"rendered":"<p>Como un cofre, el armario Amalfi se abre revelando sus secretos. No solo ropa y baldas, sino un compartimento de oficina en casa para ofrecer una soluci\u00f3n de trabajo inesperada e \u00edntima. El escritorio Ala con cajones, estantes y m\u00f3dulos abiertos dan vida a un espacio funcional y mesurado, delicadamente encerrado detr\u00e1s de puertas que encubren formas y funciones. Detalles concebidos como peque\u00f1os virtuosismos de ebanister\u00eda, el h\u00e1bil uso de las luces integradas y la presencia de las m\u00e1s modernas soluciones para el uso de los espacios de oficina, hacen de Amalfi no un h\u00edbrido entre diferentes g\u00e9neros, sino lo adecuado para interpretar la fluidez de la vida actual. Los tiradores a toda altura, a tono o en contraste con la puerta, realzan la geometr\u00eda lineal del armario. Adem\u00e1s de las aperturas cl\u00e1sicas, Amalfi est\u00e1 disponible con una bisagra particular que permite abrir las puertas 180\u00b0: una referencia a las bisagras una vez presentes en puertas y muebles prestigiosos.<\/p>\n","protected":false},"excerpt":{"rendered":"<p>Como un cofre, el armario Amalfi se abre revelando sus secretos. No solo ropa y baldas, sino un compartimento de oficina en casa para ofrecer una soluci\u00f3n de trabajo inesperada e \u00edntima.<\/p>\n","protected":false},"featured_media":1560,"template":"","meta":{"_joinchat":[]},"product_cat":[18],"product_tag":[],"class_list":{"0":"post-1559","1":"product","2":"type-product","3":"status-publish","4":"has-post-thumbnail","6":"product_cat-pianca-collection","8":"first","9":"outofstock","10":"shipping-taxable","11":"purchasable","12":"product-type-simple"},"aioseo_notices":[],"_links":{"self":[{"href":"https:\/\/mueblesitalianos.com\/site\/wp-json\/wp\/v2\/product\/1559","targetHints":{"allow":["GET"]}}],"collection":[{"href":"https:\/\/mueblesitalianos.com\/site\/wp-json\/wp\/v2\/product"}],"about":[{"href":"https:\/\/mueblesitalianos.com\/site\/wp-json\/wp\/v2\/types\/product"}],"wp:featuredmedia":[{"embeddable":true,"href":"https:\/\/mueblesitalianos.com\/site\/wp-json\/wp\/v2\/media\/1560"}],"wp:attachment":[{"href":"https:\/\/mueblesitalianos.com\/site\/wp-json\/wp\/v2\/media?parent=1559"}],"wp:term":[{"taxonomy":"product_cat","embeddable":true,"href":"https:\/\/mueblesitalianos.com\/site\/wp-json\/wp\/v2\/product_cat?post=1559"},{"taxonomy":"product_tag","embeddable":true,"href":"https:\/\/mueblesitalianos.com\/site\/wp-json\/wp\/v2\/product_tag?post=1559"}],"curies":[{"name":"wp","href":"https:\/\/api.w.org\/{rel}","templated":true}]}}