{"id":1563,"date":"2022-10-26T12:31:24","date_gmt":"2022-10-26T12:31:24","guid":{"rendered":"https:\/\/mueblesitalianos.com\/site\/?post_type=product&#038;p=1563"},"modified":"2022-10-26T12:31:24","modified_gmt":"2022-10-26T12:31:24","slug":"crea-armario","status":"publish","type":"product","link":"https:\/\/mueblesitalianos.com\/site\/producto\/crea-armario\/","title":{"rendered":"Crea Armario"},"content":{"rendered":"<p>Dise\u00f1o elegante con un estilo refinado y extravagante. El motivo geom\u00e9trico de las puertas da lugar a un ritmo de superficies de cristal mates y brillantes: rect\u00e1ngulos de varios tama\u00f1os y proporciones que se alternan y combinan, arraigando en un lenguaje art\u00edstico moderno. De gran impacto gr\u00e1fico es el tirador, que se configura como un corte horizontal que potencia la belleza de la composici\u00f3n. Puede ser lacado mate o en madera y se consigue en las puertas, disponibles con apertura corredera o coplanaria.<\/p>\n","protected":false},"excerpt":{"rendered":"<p>Dise\u00f1o elegante con un estilo refinado y extravagante.<\/p>\n","protected":false},"featured_media":1564,"template":"","meta":{"_joinchat":[]},"product_cat":[18],"product_tag":[],"class_list":{"0":"post-1563","1":"product","2":"type-product","3":"status-publish","4":"has-post-thumbnail","6":"product_cat-pianca-collection","8":"first","9":"outofstock","10":"shipping-taxable","11":"purchasable","12":"product-type-simple"},"aioseo_notices":[],"_links":{"self":[{"href":"https:\/\/mueblesitalianos.com\/site\/wp-json\/wp\/v2\/product\/1563","targetHints":{"allow":["GET"]}}],"collection":[{"href":"https:\/\/mueblesitalianos.com\/site\/wp-json\/wp\/v2\/product"}],"about":[{"href":"https:\/\/mueblesitalianos.com\/site\/wp-json\/wp\/v2\/types\/product"}],"wp:featuredmedia":[{"embeddable":true,"href":"https:\/\/mueblesitalianos.com\/site\/wp-json\/wp\/v2\/media\/1564"}],"wp:attachment":[{"href":"https:\/\/mueblesitalianos.com\/site\/wp-json\/wp\/v2\/media?parent=1563"}],"wp:term":[{"taxonomy":"product_cat","embeddable":true,"href":"https:\/\/mueblesitalianos.com\/site\/wp-json\/wp\/v2\/product_cat?post=1563"},{"taxonomy":"product_tag","embeddable":true,"href":"https:\/\/mueblesitalianos.com\/site\/wp-json\/wp\/v2\/product_tag?post=1563"}],"curies":[{"name":"wp","href":"https:\/\/api.w.org\/{rel}","templated":true}]}}