{"id":1569,"date":"2022-10-26T12:36:34","date_gmt":"2022-10-26T12:36:34","guid":{"rendered":"https:\/\/mueblesitalianos.com\/site\/?post_type=product&#038;p=1569"},"modified":"2022-10-26T12:36:34","modified_gmt":"2022-10-26T12:36:34","slug":"piumotto-cama","status":"publish","type":"product","link":"https:\/\/mueblesitalianos.com\/site\/producto\/piumotto-cama\/","title":{"rendered":"Piumotto Cama"},"content":{"rendered":"<p>La acogida de un nido c\u00e1lido y confortable. Vol\u00famenes generosos y envolventes sugieren una relajaci\u00f3n total. Marcadas armoniosamente por un ritmo vertical, las proporciones encuentran su m\u00e1xima expresi\u00f3n en el cabecero, que abraza la estructura en toda su altura. La almohada grande de un metro de alto, con abundante relleno de plumas, se convierte en un apoyo suave para la cabeza y la espalda. Est\u00e1 disponible en la versi\u00f3n somier, acolchado y tapizado en tela desenfundable, cuero o cuero sint\u00e9tico.<\/p>\n","protected":false},"excerpt":{"rendered":"<p>La acogida de un nido c\u00e1lido y confortable.<\/p>\n","protected":false},"featured_media":1570,"template":"","meta":{"_joinchat":[]},"product_cat":[18],"product_tag":[],"class_list":{"0":"post-1569","1":"product","2":"type-product","3":"status-publish","4":"has-post-thumbnail","6":"product_cat-pianca-collection","8":"first","9":"outofstock","10":"shipping-taxable","11":"purchasable","12":"product-type-simple"},"aioseo_notices":[],"_links":{"self":[{"href":"https:\/\/mueblesitalianos.com\/site\/wp-json\/wp\/v2\/product\/1569","targetHints":{"allow":["GET"]}}],"collection":[{"href":"https:\/\/mueblesitalianos.com\/site\/wp-json\/wp\/v2\/product"}],"about":[{"href":"https:\/\/mueblesitalianos.com\/site\/wp-json\/wp\/v2\/types\/product"}],"wp:featuredmedia":[{"embeddable":true,"href":"https:\/\/mueblesitalianos.com\/site\/wp-json\/wp\/v2\/media\/1570"}],"wp:attachment":[{"href":"https:\/\/mueblesitalianos.com\/site\/wp-json\/wp\/v2\/media?parent=1569"}],"wp:term":[{"taxonomy":"product_cat","embeddable":true,"href":"https:\/\/mueblesitalianos.com\/site\/wp-json\/wp\/v2\/product_cat?post=1569"},{"taxonomy":"product_tag","embeddable":true,"href":"https:\/\/mueblesitalianos.com\/site\/wp-json\/wp\/v2\/product_tag?post=1569"}],"curies":[{"name":"wp","href":"https:\/\/api.w.org\/{rel}","templated":true}]}}