{"id":1572,"date":"2022-10-26T12:39:16","date_gmt":"2022-10-26T12:39:16","guid":{"rendered":"https:\/\/mueblesitalianos.com\/site\/?post_type=product&#038;p=1572"},"modified":"2022-10-26T12:39:16","modified_gmt":"2022-10-26T12:39:16","slug":"boiserie-legno","status":"publish","type":"product","link":"https:\/\/mueblesitalianos.com\/site\/producto\/boiserie-legno\/","title":{"rendered":"Boiserie Legno"},"content":{"rendered":"<p>La creatividad y el gusto personal encuentran un amplio espacio de expresi\u00f3n. A trav\u00e9s de un sistema modular de paneles de madera, proyectar el dormitorio significa componer superficies y elegir sus caracter\u00edsticas. Disponibles lacados mates y brillantes, soft touch, en madera, texturizados, revestidos de piedra, acolchados y forrados en tela o cuero, los paneles pueden equiparse con retroiluminaci\u00f3n y elementos espaciadores con acabados met\u00e1licos, lacados o en madera. Se pueden coordinar con todas las camas Pianca en la versi\u00f3n tatami y se pueden integrar con otros m\u00f3dulos, como estantes y muebles de almacenamiento.<\/p>\n","protected":false},"excerpt":{"rendered":"<p>La creatividad y el gusto personal encuentran un amplio espacio de expresi\u00f3n. A trav\u00e9s de un sistema modular de paneles de madera, proyectar el dormitorio significa componer superficies y elegir sus caracter\u00edsticas. Disponibles lacados mates y brillantes, soft touch, en madera, texturizados, revestidos de piedra, acolchados y forrados en tela o cuero, los paneles pueden equiparse con retroiluminaci\u00f3n y elementos espaciadores con acabados met\u00e1licos, lacados o en madera. Se pueden coordinar con todas las camas Pianca en la versi\u00f3n tatami y se pueden integrar con otros m\u00f3dulos, como estantes y muebles de almacenamiento.<\/p>\n","protected":false},"featured_media":1574,"template":"","meta":{"_joinchat":[]},"product_cat":[18],"product_tag":[],"class_list":{"0":"post-1572","1":"product","2":"type-product","3":"status-publish","4":"has-post-thumbnail","6":"product_cat-pianca-collection","8":"first","9":"outofstock","10":"shipping-taxable","11":"purchasable","12":"product-type-simple"},"aioseo_notices":[],"_links":{"self":[{"href":"https:\/\/mueblesitalianos.com\/site\/wp-json\/wp\/v2\/product\/1572","targetHints":{"allow":["GET"]}}],"collection":[{"href":"https:\/\/mueblesitalianos.com\/site\/wp-json\/wp\/v2\/product"}],"about":[{"href":"https:\/\/mueblesitalianos.com\/site\/wp-json\/wp\/v2\/types\/product"}],"wp:featuredmedia":[{"embeddable":true,"href":"https:\/\/mueblesitalianos.com\/site\/wp-json\/wp\/v2\/media\/1574"}],"wp:attachment":[{"href":"https:\/\/mueblesitalianos.com\/site\/wp-json\/wp\/v2\/media?parent=1572"}],"wp:term":[{"taxonomy":"product_cat","embeddable":true,"href":"https:\/\/mueblesitalianos.com\/site\/wp-json\/wp\/v2\/product_cat?post=1572"},{"taxonomy":"product_tag","embeddable":true,"href":"https:\/\/mueblesitalianos.com\/site\/wp-json\/wp\/v2\/product_tag?post=1572"}],"curies":[{"name":"wp","href":"https:\/\/api.w.org\/{rel}","templated":true}]}}