{"id":1575,"date":"2022-10-26T12:41:50","date_gmt":"2022-10-26T12:41:50","guid":{"rendered":"https:\/\/mueblesitalianos.com\/site\/?post_type=product&#038;p=1575"},"modified":"2022-10-26T12:41:50","modified_gmt":"2022-10-26T12:41:50","slug":"milu-lamp","status":"publish","type":"product","link":"https:\/\/mueblesitalianos.com\/site\/producto\/milu-lamp\/","title":{"rendered":"Mil\u00fa Lamp"},"content":{"rendered":"<p>Esbelta y din\u00e1mica, la colecci\u00f3n de l\u00e1mparas Mil\u00f9 nace de una est\u00e9tica apaciguante y discreta, sin renunciar a un car\u00e1cter \u00fanico y distintivo. Una estructura tubular moleteada, en negro o lat\u00f3n, se combina con una pantalla de vidrio opalino o transparente, para un encuentro de materiales delicados que aporta un toque de ligereza a las habitaciones. El volumen simple y riguroso caracteriza todas las versiones de l\u00e1mparas: de pie, sobremesa, de pared o techo. La iluminaci\u00f3n led regulable proporciona diferentes atm\u00f3sferas: transformando la luz en elemento de dise\u00f1o.<\/p>\n","protected":false},"excerpt":{"rendered":"<p>Esbelta y din\u00e1mica, la colecci\u00f3n de l\u00e1mparas Mil\u00f9 nace de una est\u00e9tica apaciguante y discreta, sin renunciar a un car\u00e1cter \u00fanico y distintivo.<\/p>\n","protected":false},"featured_media":1576,"template":"","meta":{"_joinchat":[]},"product_cat":[18],"product_tag":[],"class_list":{"0":"post-1575","1":"product","2":"type-product","3":"status-publish","4":"has-post-thumbnail","6":"product_cat-pianca-collection","8":"first","9":"outofstock","10":"shipping-taxable","11":"purchasable","12":"product-type-simple"},"aioseo_notices":[],"_links":{"self":[{"href":"https:\/\/mueblesitalianos.com\/site\/wp-json\/wp\/v2\/product\/1575","targetHints":{"allow":["GET"]}}],"collection":[{"href":"https:\/\/mueblesitalianos.com\/site\/wp-json\/wp\/v2\/product"}],"about":[{"href":"https:\/\/mueblesitalianos.com\/site\/wp-json\/wp\/v2\/types\/product"}],"wp:featuredmedia":[{"embeddable":true,"href":"https:\/\/mueblesitalianos.com\/site\/wp-json\/wp\/v2\/media\/1576"}],"wp:attachment":[{"href":"https:\/\/mueblesitalianos.com\/site\/wp-json\/wp\/v2\/media?parent=1575"}],"wp:term":[{"taxonomy":"product_cat","embeddable":true,"href":"https:\/\/mueblesitalianos.com\/site\/wp-json\/wp\/v2\/product_cat?post=1575"},{"taxonomy":"product_tag","embeddable":true,"href":"https:\/\/mueblesitalianos.com\/site\/wp-json\/wp\/v2\/product_tag?post=1575"}],"curies":[{"name":"wp","href":"https:\/\/api.w.org\/{rel}","templated":true}]}}