{"id":1580,"date":"2022-10-26T12:43:12","date_gmt":"2022-10-26T12:43:12","guid":{"rendered":"https:\/\/mueblesitalianos.com\/site\/?post_type=product&#038;p=1580"},"modified":"2022-10-26T12:43:13","modified_gmt":"2022-10-26T12:43:13","slug":"pibiones-alfombra","status":"publish","type":"product","link":"https:\/\/mueblesitalianos.com\/site\/producto\/pibiones-alfombra\/","title":{"rendered":"Pibiones Alfombra"},"content":{"rendered":"<p>Pianca reinterpreta la antigua t\u00e9cnica de tejedura Pibiones produciendo una l\u00ednea de alfombras con dibujos geom\u00e9tricos y colores contempor\u00e1neos. Cada alfombra est\u00e1 hecha artesanalmente en Italia, precisamente en Cerde\u00f1a, con lana de ovejas sardas y algod\u00f3n natural y est\u00e1 te\u00f1ida con sustancias eco-sostenibles<\/p>\n","protected":false},"excerpt":{"rendered":"<p>Pianca reinterpreta la antigua t\u00e9cnica de tejedura Pibiones produciendo una l\u00ednea de alfombras con dibujos geom\u00e9tricos y colores contempor\u00e1neos. Cada alfombra est\u00e1 hecha artesanalmente en Italia, precisamente en Cerde\u00f1a, con lana de ovejas sardas y algod\u00f3n natural y est\u00e1 te\u00f1ida con sustancias eco-sostenibles<\/p>\n","protected":false},"featured_media":1581,"template":"","meta":{"_joinchat":[]},"product_cat":[18],"product_tag":[],"class_list":{"0":"post-1580","1":"product","2":"type-product","3":"status-publish","4":"has-post-thumbnail","6":"product_cat-pianca-collection","8":"first","9":"outofstock","10":"shipping-taxable","11":"purchasable","12":"product-type-simple"},"aioseo_notices":[],"_links":{"self":[{"href":"https:\/\/mueblesitalianos.com\/site\/wp-json\/wp\/v2\/product\/1580","targetHints":{"allow":["GET"]}}],"collection":[{"href":"https:\/\/mueblesitalianos.com\/site\/wp-json\/wp\/v2\/product"}],"about":[{"href":"https:\/\/mueblesitalianos.com\/site\/wp-json\/wp\/v2\/types\/product"}],"wp:featuredmedia":[{"embeddable":true,"href":"https:\/\/mueblesitalianos.com\/site\/wp-json\/wp\/v2\/media\/1581"}],"wp:attachment":[{"href":"https:\/\/mueblesitalianos.com\/site\/wp-json\/wp\/v2\/media?parent=1580"}],"wp:term":[{"taxonomy":"product_cat","embeddable":true,"href":"https:\/\/mueblesitalianos.com\/site\/wp-json\/wp\/v2\/product_cat?post=1580"},{"taxonomy":"product_tag","embeddable":true,"href":"https:\/\/mueblesitalianos.com\/site\/wp-json\/wp\/v2\/product_tag?post=1580"}],"curies":[{"name":"wp","href":"https:\/\/api.w.org\/{rel}","templated":true}]}}