{"id":1584,"date":"2022-10-26T12:44:39","date_gmt":"2022-10-26T12:44:39","guid":{"rendered":"https:\/\/mueblesitalianos.com\/site\/?post_type=product&#038;p=1584"},"modified":"2022-10-26T12:45:18","modified_gmt":"2022-10-26T12:45:18","slug":"contralto-accesorios","status":"publish","type":"product","link":"https:\/\/mueblesitalianos.com\/site\/producto\/contralto-accesorios\/","title":{"rendered":"Contralto Accesorios"},"content":{"rendered":"<p>Colecci\u00f3n de accesorios funcionales y elegantes, Contralto se caracteriza por su est\u00e9tica lineal y esencial. La gama incluye espejo, mesitas y galanes de noche. Estos \u00faltimos est\u00e1n aunados y caracterizados por un detalle espec\u00edfico: la base de Terrazzo, que soporta un delgado y esbelto v\u00e1stago de metal, del que salen unos elementos a la altura ideal para su aprovechamiento. Se trata de vol\u00famenes escult\u00f3ricos flotantes, a menudo m\u00f3viles, siempre vitales, dise\u00f1ados para simplificar los peque\u00f1os gestos de la vida cotidiana. Todos los estantes y soportes son de fresno pulido y torneado, con el fin de garantizar un tacto agradable y resguardar la integridad de cualquier prenda u objeto que se cuelgue, incluso los m\u00e1s delicados. Seg\u00fan las exigencias de cada cual, es posible personalizar estos elementos eligiendo entre todas las maderas de Pianca.<\/p>\n","protected":false},"excerpt":{"rendered":"<p>Colecci\u00f3n de accesorios funcionales y elegantes, Contralto se caracteriza por su est\u00e9tica lineal y esencial.<\/p>\n","protected":false},"featured_media":1585,"template":"","meta":{"_joinchat":[]},"product_cat":[18],"product_tag":[],"class_list":{"0":"post-1584","1":"product","2":"type-product","3":"status-publish","4":"has-post-thumbnail","6":"product_cat-pianca-collection","8":"first","9":"outofstock","10":"shipping-taxable","11":"purchasable","12":"product-type-simple"},"aioseo_notices":[],"_links":{"self":[{"href":"https:\/\/mueblesitalianos.com\/site\/wp-json\/wp\/v2\/product\/1584","targetHints":{"allow":["GET"]}}],"collection":[{"href":"https:\/\/mueblesitalianos.com\/site\/wp-json\/wp\/v2\/product"}],"about":[{"href":"https:\/\/mueblesitalianos.com\/site\/wp-json\/wp\/v2\/types\/product"}],"wp:featuredmedia":[{"embeddable":true,"href":"https:\/\/mueblesitalianos.com\/site\/wp-json\/wp\/v2\/media\/1585"}],"wp:attachment":[{"href":"https:\/\/mueblesitalianos.com\/site\/wp-json\/wp\/v2\/media?parent=1584"}],"wp:term":[{"taxonomy":"product_cat","embeddable":true,"href":"https:\/\/mueblesitalianos.com\/site\/wp-json\/wp\/v2\/product_cat?post=1584"},{"taxonomy":"product_tag","embeddable":true,"href":"https:\/\/mueblesitalianos.com\/site\/wp-json\/wp\/v2\/product_tag?post=1584"}],"curies":[{"name":"wp","href":"https:\/\/api.w.org\/{rel}","templated":true}]}}