{"id":1799,"date":"2022-11-12T14:59:48","date_gmt":"2022-11-12T14:59:48","guid":{"rendered":"https:\/\/mueblesitalianos.com\/site\/?post_type=product&#038;p=1799"},"modified":"2024-04-05T18:00:37","modified_gmt":"2024-04-05T18:00:37","slug":"mesa-geo-rame","status":"publish","type":"product","link":"https:\/\/mueblesitalianos.com\/site\/producto\/mesa-geo-rame\/","title":{"rendered":"Mesa Geo Rame"},"content":{"rendered":"<p>Una vers\u00e1til mesa de centro de encanto n\u00f3mada que repropone la caracter\u00edstica base en tres tonos, gris, lat\u00f3n satinado y cobre pulido. Estas mesas de centro tienen la peculiaridad tener la tapa m\u00f3vil, pudi\u00e9ndose usar como una bandeja. Perfectas combinadas con el sill\u00f3n y el sof\u00e1 Geo, pero tambi\u00e9n con el resto de la colecci\u00f3n Saba. Disponibles en dos tama\u00f1os.<\/p>\n","protected":false},"excerpt":{"rendered":"<p>Una vers\u00e1til mesa de centro de encanto n\u00f3mada que repropone la caracter\u00edstica base en tres tonos, gris, lat\u00f3n satinado y cobre pulido.<\/p>\n","protected":false},"featured_media":1800,"template":"","meta":{"_joinchat":[]},"product_cat":[19],"product_tag":[],"class_list":{"0":"post-1799","1":"product","2":"type-product","3":"status-publish","4":"has-post-thumbnail","6":"product_cat-saba-collection","8":"first","9":"outofstock","10":"shipping-taxable","11":"purchasable","12":"product-type-simple"},"aioseo_notices":[],"_links":{"self":[{"href":"https:\/\/mueblesitalianos.com\/site\/wp-json\/wp\/v2\/product\/1799","targetHints":{"allow":["GET"]}}],"collection":[{"href":"https:\/\/mueblesitalianos.com\/site\/wp-json\/wp\/v2\/product"}],"about":[{"href":"https:\/\/mueblesitalianos.com\/site\/wp-json\/wp\/v2\/types\/product"}],"wp:featuredmedia":[{"embeddable":true,"href":"https:\/\/mueblesitalianos.com\/site\/wp-json\/wp\/v2\/media\/1800"}],"wp:attachment":[{"href":"https:\/\/mueblesitalianos.com\/site\/wp-json\/wp\/v2\/media?parent=1799"}],"wp:term":[{"taxonomy":"product_cat","embeddable":true,"href":"https:\/\/mueblesitalianos.com\/site\/wp-json\/wp\/v2\/product_cat?post=1799"},{"taxonomy":"product_tag","embeddable":true,"href":"https:\/\/mueblesitalianos.com\/site\/wp-json\/wp\/v2\/product_tag?post=1799"}],"curies":[{"name":"wp","href":"https:\/\/api.w.org\/{rel}","templated":true}]}}