{"id":1830,"date":"2022-11-12T08:23:42","date_gmt":"2022-11-12T08:23:42","guid":{"rendered":"https:\/\/mueblesitalianos.com\/site\/?post_type=product&#038;p=1830"},"modified":"2023-10-28T06:30:32","modified_gmt":"2023-10-28T06:30:32","slug":"mesa-haiku","status":"publish","type":"product","link":"https:\/\/mueblesitalianos.com\/site\/producto\/mesa-haiku\/","title":{"rendered":"Mesa Haiku"},"content":{"rendered":"<p>Haiku es el t\u00e9rmino japon\u00e9s que describe una composici\u00f3n po\u00e9tica formada solo por tres versos, hasta llegar a un total de diecisiete s\u00edlabas. La mesita de caf\u00e9 firmada Marco Zito para Saba Italia se compone precisamente por tres elementos: la estructura y los dos tableros.<\/p>\n","protected":false},"excerpt":{"rendered":"<p>Haiku es el t\u00e9rmino japon\u00e9s que describe una composici\u00f3n po\u00e9tica formada solo por tres versos, hasta llegar a un total de diecisiete s\u00edlabas.<\/p>\n","protected":false},"featured_media":1832,"template":"","meta":{"_joinchat":[]},"product_cat":[19],"product_tag":[],"class_list":{"0":"post-1830","1":"product","2":"type-product","3":"status-publish","4":"has-post-thumbnail","6":"product_cat-saba-collection","8":"first","9":"instock","10":"shipping-taxable","11":"purchasable","12":"product-type-simple"},"aioseo_notices":[],"_links":{"self":[{"href":"https:\/\/mueblesitalianos.com\/site\/wp-json\/wp\/v2\/product\/1830","targetHints":{"allow":["GET"]}}],"collection":[{"href":"https:\/\/mueblesitalianos.com\/site\/wp-json\/wp\/v2\/product"}],"about":[{"href":"https:\/\/mueblesitalianos.com\/site\/wp-json\/wp\/v2\/types\/product"}],"wp:featuredmedia":[{"embeddable":true,"href":"https:\/\/mueblesitalianos.com\/site\/wp-json\/wp\/v2\/media\/1832"}],"wp:attachment":[{"href":"https:\/\/mueblesitalianos.com\/site\/wp-json\/wp\/v2\/media?parent=1830"}],"wp:term":[{"taxonomy":"product_cat","embeddable":true,"href":"https:\/\/mueblesitalianos.com\/site\/wp-json\/wp\/v2\/product_cat?post=1830"},{"taxonomy":"product_tag","embeddable":true,"href":"https:\/\/mueblesitalianos.com\/site\/wp-json\/wp\/v2\/product_tag?post=1830"}],"curies":[{"name":"wp","href":"https:\/\/api.w.org\/{rel}","templated":true}]}}