{"id":1840,"date":"2022-11-11T08:54:50","date_gmt":"2022-11-11T08:54:50","guid":{"rendered":"https:\/\/mueblesitalianos.com\/site\/?post_type=product&#038;p=1840"},"modified":"2022-11-11T08:54:51","modified_gmt":"2022-11-11T08:54:51","slug":"new-york-suite-sofa","status":"publish","type":"product","link":"https:\/\/mueblesitalianos.com\/site\/producto\/new-york-suite-sofa\/","title":{"rendered":"New York Suite SOFA"},"content":{"rendered":"<p>La colecci\u00f3n New York firmada por Sergio Bicego se declina en nuevas formas sin perder su esencia, constituida por un alma contempor\u00e1nea y un esp\u00edritu atemporal. El pespunteado de los cojines revela una elegancia retro y cede a la tentaci\u00f3n de la nostalgia para delinear el dise\u00f1o del futuro. A su vez, la esencia metropolitana es exaltada por el perfil hexagonal de la estructura, sujetada por patas delgadas de varilla de acero.<\/p>\n","protected":false},"excerpt":{"rendered":"<p>La colecci\u00f3n New York firmada por Sergio Bicego se declina en nuevas formas sin perder su esencia, constituida por un alma contempor\u00e1nea y un esp\u00edritu atemporal.<\/p>\n","protected":false},"featured_media":1841,"template":"","meta":{"_joinchat":[]},"product_cat":[19],"product_tag":[],"class_list":{"0":"post-1840","1":"product","2":"type-product","3":"status-publish","4":"has-post-thumbnail","6":"product_cat-saba-collection","8":"first","9":"outofstock","10":"shipping-taxable","11":"purchasable","12":"product-type-simple"},"aioseo_notices":[],"_links":{"self":[{"href":"https:\/\/mueblesitalianos.com\/site\/wp-json\/wp\/v2\/product\/1840","targetHints":{"allow":["GET"]}}],"collection":[{"href":"https:\/\/mueblesitalianos.com\/site\/wp-json\/wp\/v2\/product"}],"about":[{"href":"https:\/\/mueblesitalianos.com\/site\/wp-json\/wp\/v2\/types\/product"}],"wp:featuredmedia":[{"embeddable":true,"href":"https:\/\/mueblesitalianos.com\/site\/wp-json\/wp\/v2\/media\/1841"}],"wp:attachment":[{"href":"https:\/\/mueblesitalianos.com\/site\/wp-json\/wp\/v2\/media?parent=1840"}],"wp:term":[{"taxonomy":"product_cat","embeddable":true,"href":"https:\/\/mueblesitalianos.com\/site\/wp-json\/wp\/v2\/product_cat?post=1840"},{"taxonomy":"product_tag","embeddable":true,"href":"https:\/\/mueblesitalianos.com\/site\/wp-json\/wp\/v2\/product_tag?post=1840"}],"curies":[{"name":"wp","href":"https:\/\/api.w.org\/{rel}","templated":true}]}}