{"id":1844,"date":"2022-11-11T09:17:06","date_gmt":"2022-11-11T09:17:06","guid":{"rendered":"https:\/\/mueblesitalianos.com\/site\/?post_type=product&#038;p=1844"},"modified":"2022-11-11T09:17:07","modified_gmt":"2022-11-11T09:17:07","slug":"essentiel-sofa","status":"publish","type":"product","link":"https:\/\/mueblesitalianos.com\/site\/producto\/essentiel-sofa\/","title":{"rendered":"Essentiel SOFA"},"content":{"rendered":"<p>Essentiel se presenta con una declaraci\u00f3n de intenciones precisa. Un proyecto sin excesos, de ergonom\u00eda acogedora, que en el mapa espacial-temporal del dise\u00f1o une idealmente la hist\u00f3rica elegancia italiana al rasgo n\u00f3rdico. La atenci\u00f3n a los detalles que siempre ha caracterizado las colecciones Saba se observa en los pespuntes de los cojines de los respaldos y en el perfilado en cinta de canal\u00e9. Esenciales en la l\u00ednea pero d\u00factiles en la personalizaci\u00f3n, los cojines del respaldo en las medidas 67 cm y 77 cm se pueden elegir en la versi\u00f3n alta con rodillo de apoyo.<\/p>\n","protected":false},"excerpt":{"rendered":"<p>Essentiel se presenta con una declaraci\u00f3n de intenciones precisa. Un proyecto sin excesos, de ergonom\u00eda acogedora, que en el mapa espacial-temporal del dise\u00f1o une idealmente la hist\u00f3rica elegancia italiana al rasgo n\u00f3rdico.<\/p>\n","protected":false},"featured_media":1845,"template":"","meta":{"_joinchat":[]},"product_cat":[19],"product_tag":[],"class_list":{"0":"post-1844","1":"product","2":"type-product","3":"status-publish","4":"has-post-thumbnail","6":"product_cat-saba-collection","8":"first","9":"outofstock","10":"shipping-taxable","11":"purchasable","12":"product-type-simple"},"aioseo_notices":[],"_links":{"self":[{"href":"https:\/\/mueblesitalianos.com\/site\/wp-json\/wp\/v2\/product\/1844","targetHints":{"allow":["GET"]}}],"collection":[{"href":"https:\/\/mueblesitalianos.com\/site\/wp-json\/wp\/v2\/product"}],"about":[{"href":"https:\/\/mueblesitalianos.com\/site\/wp-json\/wp\/v2\/types\/product"}],"wp:featuredmedia":[{"embeddable":true,"href":"https:\/\/mueblesitalianos.com\/site\/wp-json\/wp\/v2\/media\/1845"}],"wp:attachment":[{"href":"https:\/\/mueblesitalianos.com\/site\/wp-json\/wp\/v2\/media?parent=1844"}],"wp:term":[{"taxonomy":"product_cat","embeddable":true,"href":"https:\/\/mueblesitalianos.com\/site\/wp-json\/wp\/v2\/product_cat?post=1844"},{"taxonomy":"product_tag","embeddable":true,"href":"https:\/\/mueblesitalianos.com\/site\/wp-json\/wp\/v2\/product_tag?post=1844"}],"curies":[{"name":"wp","href":"https:\/\/api.w.org\/{rel}","templated":true}]}}