{"id":1848,"date":"2022-11-11T21:15:15","date_gmt":"2022-11-11T21:15:15","guid":{"rendered":"https:\/\/mueblesitalianos.com\/site\/?post_type=product&#038;p=1848"},"modified":"2022-11-11T21:15:15","modified_gmt":"2022-11-11T21:15:15","slug":"geo-sofa","status":"publish","type":"product","link":"https:\/\/mueblesitalianos.com\/site\/producto\/geo-sofa\/","title":{"rendered":"Geo SOFA"},"content":{"rendered":"<p>A veces un nombre habla de un mundo, a veces un nombre es un mundo. Geo es un proyecto totalmente redondo. Voluminoso pero ligero, gracias al particular dise\u00f1o de su estructura externa, Geo es como un nido suspendido en el vac\u00edo sostenido por peque\u00f1as ramas. Los vol\u00famenes han sido dise\u00f1ados con minuciosidad y al observarlo con atenci\u00f3n uno se da cuenta de que los espesores de los brazos son ligeramente diversos del espesor del respaldo ya que tienen una funci\u00f3n diversa y porque se ha querido alejarse de la banal idea de tener una franja uniforme que gira en torno a un asiento.<\/p>\n","protected":false},"excerpt":{"rendered":"<p>A veces un nombre habla de un mundo, a veces un nombre es un mundo. Geo es un proyecto totalmente redondo.<\/p>\n","protected":false},"featured_media":1849,"template":"","meta":{"_joinchat":[]},"product_cat":[19],"product_tag":[],"class_list":{"0":"post-1848","1":"product","2":"type-product","3":"status-publish","4":"has-post-thumbnail","6":"product_cat-saba-collection","8":"first","9":"outofstock","10":"shipping-taxable","11":"purchasable","12":"product-type-simple"},"aioseo_notices":[],"_links":{"self":[{"href":"https:\/\/mueblesitalianos.com\/site\/wp-json\/wp\/v2\/product\/1848","targetHints":{"allow":["GET"]}}],"collection":[{"href":"https:\/\/mueblesitalianos.com\/site\/wp-json\/wp\/v2\/product"}],"about":[{"href":"https:\/\/mueblesitalianos.com\/site\/wp-json\/wp\/v2\/types\/product"}],"wp:featuredmedia":[{"embeddable":true,"href":"https:\/\/mueblesitalianos.com\/site\/wp-json\/wp\/v2\/media\/1849"}],"wp:attachment":[{"href":"https:\/\/mueblesitalianos.com\/site\/wp-json\/wp\/v2\/media?parent=1848"}],"wp:term":[{"taxonomy":"product_cat","embeddable":true,"href":"https:\/\/mueblesitalianos.com\/site\/wp-json\/wp\/v2\/product_cat?post=1848"},{"taxonomy":"product_tag","embeddable":true,"href":"https:\/\/mueblesitalianos.com\/site\/wp-json\/wp\/v2\/product_tag?post=1848"}],"curies":[{"name":"wp","href":"https:\/\/api.w.org\/{rel}","templated":true}]}}