{"id":1851,"date":"2022-11-11T21:20:54","date_gmt":"2022-11-11T21:20:54","guid":{"rendered":"https:\/\/mueblesitalianos.com\/site\/?post_type=product&#038;p=1851"},"modified":"2022-11-11T21:20:55","modified_gmt":"2022-11-11T21:20:55","slug":"kepi-sofa","status":"publish","type":"product","link":"https:\/\/mueblesitalianos.com\/site\/producto\/kepi-sofa\/","title":{"rendered":"Kepi SOFA"},"content":{"rendered":"<p>La colecci\u00f3n Kepi acoge un nuevo elemento: el sof\u00e1 de dos plazas de 160 cm. El rigor del dise\u00f1o y el trazo ligeramente n\u00f3rdico se suavizan con las l\u00edneas redondeadas, determinando una presencia no s\u00f3lo de car\u00e1cter sino tambi\u00e9n de gran confort.<\/p>\n","protected":false},"excerpt":{"rendered":"<p>La colecci\u00f3n Kepi acoge un nuevo elemento: el sof\u00e1 de dos plazas de 160 cm.<\/p>\n","protected":false},"featured_media":1852,"template":"","meta":{"_joinchat":[]},"product_cat":[19],"product_tag":[],"class_list":{"0":"post-1851","1":"product","2":"type-product","3":"status-publish","4":"has-post-thumbnail","6":"product_cat-saba-collection","8":"first","9":"outofstock","10":"shipping-taxable","11":"purchasable","12":"product-type-simple"},"aioseo_notices":[],"_links":{"self":[{"href":"https:\/\/mueblesitalianos.com\/site\/wp-json\/wp\/v2\/product\/1851","targetHints":{"allow":["GET"]}}],"collection":[{"href":"https:\/\/mueblesitalianos.com\/site\/wp-json\/wp\/v2\/product"}],"about":[{"href":"https:\/\/mueblesitalianos.com\/site\/wp-json\/wp\/v2\/types\/product"}],"wp:featuredmedia":[{"embeddable":true,"href":"https:\/\/mueblesitalianos.com\/site\/wp-json\/wp\/v2\/media\/1852"}],"wp:attachment":[{"href":"https:\/\/mueblesitalianos.com\/site\/wp-json\/wp\/v2\/media?parent=1851"}],"wp:term":[{"taxonomy":"product_cat","embeddable":true,"href":"https:\/\/mueblesitalianos.com\/site\/wp-json\/wp\/v2\/product_cat?post=1851"},{"taxonomy":"product_tag","embeddable":true,"href":"https:\/\/mueblesitalianos.com\/site\/wp-json\/wp\/v2\/product_tag?post=1851"}],"curies":[{"name":"wp","href":"https:\/\/api.w.org\/{rel}","templated":true}]}}