{"id":1854,"date":"2022-11-11T21:28:07","date_gmt":"2022-11-11T21:28:07","guid":{"rendered":"https:\/\/mueblesitalianos.com\/site\/?post_type=product&#038;p=1854"},"modified":"2022-11-11T21:28:08","modified_gmt":"2022-11-11T21:28:08","slug":"new-york-dining-sofa","status":"publish","type":"product","link":"https:\/\/mueblesitalianos.com\/site\/producto\/new-york-dining-sofa\/","title":{"rendered":"New York Dining SOFA"},"content":{"rendered":"<p>La familia New York acoge una nueva propuesta de asiento especialmente adecuada para ambientes contract. New York Dining, el asiento de dos plazas con o sin posabrazos, mantiene la estructura \u00e1gil de toda la colecci\u00f3n adem\u00e1s de un confortable acolchado que se distingue por el delicado pespunte tono sobre tono. Disponible con acabado cromado o pintado. Totalmente desenfundable<\/p>\n","protected":false},"excerpt":{"rendered":"<p>La familia New York acoge una nueva propuesta de asiento especialmente adecuada para ambientes contract.<\/p>\n","protected":false},"featured_media":1855,"template":"","meta":{"_joinchat":[]},"product_cat":[19],"product_tag":[],"class_list":{"0":"post-1854","1":"product","2":"type-product","3":"status-publish","4":"has-post-thumbnail","6":"product_cat-saba-collection","8":"first","9":"outofstock","10":"shipping-taxable","11":"purchasable","12":"product-type-simple"},"aioseo_notices":[],"_links":{"self":[{"href":"https:\/\/mueblesitalianos.com\/site\/wp-json\/wp\/v2\/product\/1854","targetHints":{"allow":["GET"]}}],"collection":[{"href":"https:\/\/mueblesitalianos.com\/site\/wp-json\/wp\/v2\/product"}],"about":[{"href":"https:\/\/mueblesitalianos.com\/site\/wp-json\/wp\/v2\/types\/product"}],"wp:featuredmedia":[{"embeddable":true,"href":"https:\/\/mueblesitalianos.com\/site\/wp-json\/wp\/v2\/media\/1855"}],"wp:attachment":[{"href":"https:\/\/mueblesitalianos.com\/site\/wp-json\/wp\/v2\/media?parent=1854"}],"wp:term":[{"taxonomy":"product_cat","embeddable":true,"href":"https:\/\/mueblesitalianos.com\/site\/wp-json\/wp\/v2\/product_cat?post=1854"},{"taxonomy":"product_tag","embeddable":true,"href":"https:\/\/mueblesitalianos.com\/site\/wp-json\/wp\/v2\/product_tag?post=1854"}],"curies":[{"name":"wp","href":"https:\/\/api.w.org\/{rel}","templated":true}]}}