{"id":1863,"date":"2022-11-11T22:37:27","date_gmt":"2022-11-11T22:37:27","guid":{"rendered":"https:\/\/mueblesitalianos.com\/site\/?post_type=product&#038;p=1863"},"modified":"2022-11-11T22:37:27","modified_gmt":"2022-11-11T22:37:27","slug":"oltremare-panchetta-sillon","status":"publish","type":"product","link":"https:\/\/mueblesitalianos.com\/site\/producto\/oltremare-panchetta-sillon\/","title":{"rendered":"Oltremare Panchetta SILLON"},"content":{"rendered":"<p>La colecci\u00f3n de asientos \u00abOltremare\u00bb dise\u00f1ada por Antonio Marras y realizada en colaboraci\u00f3n con Saba proviene de un lugar y un pasado lejanos, ricos en historia, memoria y recuerdos llenos de sugestiones y visiones. As\u00ed es como Antonio Marras nos ha presentado un objeto que \u00e9l define como un \u00eddolo sagrado, que habla de su tierra, de su mar, pero sobre todo de su historia. Lo llamamos Oltremare, porque todas las cosas tienen un alma y cada alma tiene un nombre. Oltremare encierra entre sus ensenadas lo cl\u00e1sico y lo moderno.<\/p>\n","protected":false},"excerpt":{"rendered":"<p>La colecci\u00f3n de asientos \u00abOltremare\u00bb dise\u00f1ada por Antonio Marras y realizada en colaboraci\u00f3n con Saba proviene de un lugar y un pasado lejanos, ricos en historia, memoria y recuerdos llenos de sugestiones y visiones.<\/p>\n","protected":false},"featured_media":1864,"template":"","meta":{"_joinchat":[]},"product_cat":[19],"product_tag":[],"class_list":{"0":"post-1863","1":"product","2":"type-product","3":"status-publish","4":"has-post-thumbnail","6":"product_cat-saba-collection","8":"first","9":"outofstock","10":"shipping-taxable","11":"purchasable","12":"product-type-simple"},"aioseo_notices":[],"_links":{"self":[{"href":"https:\/\/mueblesitalianos.com\/site\/wp-json\/wp\/v2\/product\/1863","targetHints":{"allow":["GET"]}}],"collection":[{"href":"https:\/\/mueblesitalianos.com\/site\/wp-json\/wp\/v2\/product"}],"about":[{"href":"https:\/\/mueblesitalianos.com\/site\/wp-json\/wp\/v2\/types\/product"}],"wp:featuredmedia":[{"embeddable":true,"href":"https:\/\/mueblesitalianos.com\/site\/wp-json\/wp\/v2\/media\/1864"}],"wp:attachment":[{"href":"https:\/\/mueblesitalianos.com\/site\/wp-json\/wp\/v2\/media?parent=1863"}],"wp:term":[{"taxonomy":"product_cat","embeddable":true,"href":"https:\/\/mueblesitalianos.com\/site\/wp-json\/wp\/v2\/product_cat?post=1863"},{"taxonomy":"product_tag","embeddable":true,"href":"https:\/\/mueblesitalianos.com\/site\/wp-json\/wp\/v2\/product_tag?post=1863"}],"curies":[{"name":"wp","href":"https:\/\/api.w.org\/{rel}","templated":true}]}}