{"id":1869,"date":"2022-11-11T22:46:10","date_gmt":"2022-11-11T22:46:10","guid":{"rendered":"https:\/\/mueblesitalianos.com\/site\/?post_type=product&#038;p=1869"},"modified":"2022-11-11T22:46:11","modified_gmt":"2022-11-11T22:46:11","slug":"philo-sillon","status":"publish","type":"product","link":"https:\/\/mueblesitalianos.com\/site\/producto\/philo-sillon\/","title":{"rendered":"Philo SILLON"},"content":{"rendered":"<p>Philo es el prefijo de origen griego que indica amor, propensi\u00f3n y simpat\u00eda hacia personas o cosas. Un hilo met\u00e1lico dibuja la s\u00edntesis de acogida, corre, gira, sube y baja, abraza y sostiene de forma delicada las superficies acolchadas. Philo modifica r\u00e1pidamente sus dimensiones para dar vida a un sistema de asiento capaz de convivir con ambientes diferentes: la casa, los espacios p\u00fablicos y en general, los lugares de reuni\u00f3n, de acogida y de las relaciones. Filantr\u00f3pico por naturaleza se viste con elegancia y sencillez, con sus formas puras y honestas. Comunica su simpat\u00eda jugando con las l\u00edneas y los colores, el hilo met\u00e1lico se transforma en hilo de coser y trama, mezclados y unidos creando juegos llenos de armon\u00eda. Completamente desenfundable.<\/p>\n","protected":false},"excerpt":{"rendered":"<p>Philo es el prefijo de origen griego que indica amor, propensi\u00f3n y simpat\u00eda hacia personas o cosas. Un hilo met\u00e1lico dibuja la s\u00edntesis de acogida, corre, gira, sube y baja, abraza y sostiene de forma delicada las superficies acolchadas.<\/p>\n","protected":false},"featured_media":1871,"template":"","meta":{"_joinchat":[]},"product_cat":[19],"product_tag":[],"class_list":{"0":"post-1869","1":"product","2":"type-product","3":"status-publish","4":"has-post-thumbnail","6":"product_cat-saba-collection","8":"first","9":"outofstock","10":"shipping-taxable","11":"purchasable","12":"product-type-simple"},"aioseo_notices":[],"_links":{"self":[{"href":"https:\/\/mueblesitalianos.com\/site\/wp-json\/wp\/v2\/product\/1869","targetHints":{"allow":["GET"]}}],"collection":[{"href":"https:\/\/mueblesitalianos.com\/site\/wp-json\/wp\/v2\/product"}],"about":[{"href":"https:\/\/mueblesitalianos.com\/site\/wp-json\/wp\/v2\/types\/product"}],"wp:featuredmedia":[{"embeddable":true,"href":"https:\/\/mueblesitalianos.com\/site\/wp-json\/wp\/v2\/media\/1871"}],"wp:attachment":[{"href":"https:\/\/mueblesitalianos.com\/site\/wp-json\/wp\/v2\/media?parent=1869"}],"wp:term":[{"taxonomy":"product_cat","embeddable":true,"href":"https:\/\/mueblesitalianos.com\/site\/wp-json\/wp\/v2\/product_cat?post=1869"},{"taxonomy":"product_tag","embeddable":true,"href":"https:\/\/mueblesitalianos.com\/site\/wp-json\/wp\/v2\/product_tag?post=1869"}],"curies":[{"name":"wp","href":"https:\/\/api.w.org\/{rel}","templated":true}]}}