{"id":1872,"date":"2022-11-11T22:49:13","date_gmt":"2022-11-11T22:49:13","guid":{"rendered":"https:\/\/mueblesitalianos.com\/site\/?post_type=product&#038;p=1872"},"modified":"2022-11-11T22:49:13","modified_gmt":"2022-11-11T22:49:13","slug":"valentine-sillon","status":"publish","type":"product","link":"https:\/\/mueblesitalianos.com\/site\/producto\/valentine-sillon\/","title":{"rendered":"Valentine SILLON"},"content":{"rendered":"<p>Una serie de asientos de gusto informal, muy pr\u00e1cticos y confortables. Las formas suaves, inspiradas en los setenta, hacen de Valentine un modelo vers\u00e1til, sin olvidar el lado est\u00e9tico-funcional. Una s\u00f3lida capacidad de atracci\u00f3n, casi monol\u00edtica que esconde un alma inesperadamente ligera: una de sus caracter\u00edsticas principales se focaliza en los materiales usados para los rellenos que facilitan el transporte de los m\u00f3dulos. Completamente desenfundable.<\/p>\n","protected":false},"excerpt":{"rendered":"<p>Una serie de asientos de gusto informal, muy pr\u00e1cticos y confortables.<\/p>\n","protected":false},"featured_media":1873,"template":"","meta":{"_joinchat":[]},"product_cat":[19],"product_tag":[],"class_list":{"0":"post-1872","1":"product","2":"type-product","3":"status-publish","4":"has-post-thumbnail","6":"product_cat-saba-collection","8":"first","9":"outofstock","10":"shipping-taxable","11":"purchasable","12":"product-type-simple"},"aioseo_notices":[],"_links":{"self":[{"href":"https:\/\/mueblesitalianos.com\/site\/wp-json\/wp\/v2\/product\/1872","targetHints":{"allow":["GET"]}}],"collection":[{"href":"https:\/\/mueblesitalianos.com\/site\/wp-json\/wp\/v2\/product"}],"about":[{"href":"https:\/\/mueblesitalianos.com\/site\/wp-json\/wp\/v2\/types\/product"}],"wp:featuredmedia":[{"embeddable":true,"href":"https:\/\/mueblesitalianos.com\/site\/wp-json\/wp\/v2\/media\/1873"}],"wp:attachment":[{"href":"https:\/\/mueblesitalianos.com\/site\/wp-json\/wp\/v2\/media?parent=1872"}],"wp:term":[{"taxonomy":"product_cat","embeddable":true,"href":"https:\/\/mueblesitalianos.com\/site\/wp-json\/wp\/v2\/product_cat?post=1872"},{"taxonomy":"product_tag","embeddable":true,"href":"https:\/\/mueblesitalianos.com\/site\/wp-json\/wp\/v2\/product_tag?post=1872"}],"curies":[{"name":"wp","href":"https:\/\/api.w.org\/{rel}","templated":true}]}}