{"id":1875,"date":"2022-11-11T22:55:30","date_gmt":"2022-11-11T22:55:30","guid":{"rendered":"https:\/\/mueblesitalianos.com\/site\/?post_type=product&#038;p=1875"},"modified":"2022-11-12T00:19:52","modified_gmt":"2022-11-12T00:19:52","slug":"sitar-butaca","status":"publish","type":"product","link":"https:\/\/mueblesitalianos.com\/site\/producto\/sitar-butaca\/","title":{"rendered":"Sitar BUTACA"},"content":{"rendered":"<p>Butaca de formas ligeras que recuerda a la sensaci\u00f3n de una pluma, una caricia, un par\u00e9ntesis de armon\u00eda, fabricada en fresno barnizado y cuerda n\u00e1utica trenzada.<\/p>\n<p>El nombre \u00abseh-tar\u00bb tiene origen persa, significa literalmente \u00abtres cuerdas\u00bb y se inspira en el instrumento de la m\u00fasica cl\u00e1sica india m\u00e1s conocido en Occidente. Unos or\u00edgenes lejanos para un atractivo atemporal y un dise\u00f1o contempor\u00e1neo.<\/p>\n","protected":false},"excerpt":{"rendered":"<p>Butaca de formas ligeras que recuerda a la sensaci\u00f3n de una pluma, una caricia, un par\u00e9ntesis de armon\u00eda, fabricada en fresno barnizado y cuerda n\u00e1utica trenzada.<\/p>\n","protected":false},"featured_media":1932,"template":"","meta":{"_joinchat":[]},"product_cat":[19],"product_tag":[],"class_list":{"0":"post-1875","1":"product","2":"type-product","3":"status-publish","4":"has-post-thumbnail","6":"product_cat-saba-collection","8":"first","9":"outofstock","10":"shipping-taxable","11":"purchasable","12":"product-type-simple"},"aioseo_notices":[],"_links":{"self":[{"href":"https:\/\/mueblesitalianos.com\/site\/wp-json\/wp\/v2\/product\/1875","targetHints":{"allow":["GET"]}}],"collection":[{"href":"https:\/\/mueblesitalianos.com\/site\/wp-json\/wp\/v2\/product"}],"about":[{"href":"https:\/\/mueblesitalianos.com\/site\/wp-json\/wp\/v2\/types\/product"}],"wp:featuredmedia":[{"embeddable":true,"href":"https:\/\/mueblesitalianos.com\/site\/wp-json\/wp\/v2\/media\/1932"}],"wp:attachment":[{"href":"https:\/\/mueblesitalianos.com\/site\/wp-json\/wp\/v2\/media?parent=1875"}],"wp:term":[{"taxonomy":"product_cat","embeddable":true,"href":"https:\/\/mueblesitalianos.com\/site\/wp-json\/wp\/v2\/product_cat?post=1875"},{"taxonomy":"product_tag","embeddable":true,"href":"https:\/\/mueblesitalianos.com\/site\/wp-json\/wp\/v2\/product_tag?post=1875"}],"curies":[{"name":"wp","href":"https:\/\/api.w.org\/{rel}","templated":true}]}}