{"id":1883,"date":"2022-11-11T23:08:43","date_gmt":"2022-11-11T23:08:43","guid":{"rendered":"https:\/\/mueblesitalianos.com\/site\/?post_type=product&#038;p=1883"},"modified":"2022-11-11T23:08:44","modified_gmt":"2022-11-11T23:08:44","slug":"new-york-stool-taburete","status":"publish","type":"product","link":"https:\/\/mueblesitalianos.com\/site\/producto\/new-york-stool-taburete\/","title":{"rendered":"New York Stool TABURETE"},"content":{"rendered":"<p>La colecci\u00f3n New York ampl\u00eda su propuesta con una l\u00ednea de taburetes cuyo dise\u00f1o se basa en el desarrollo de la altura de la silla sin brazos. El resultado es un proyecto que enfatiza a\u00fan m\u00e1s la \u00e1gil estructura, manteniendo confortable el relleno habitual, decorado con peque\u00f1os pespuntes tono sobre tono. Disponible con acabado cromado o pintado. Totalmente desenfundable.<\/p>\n","protected":false},"excerpt":{"rendered":"<p>La colecci\u00f3n New York ampl\u00eda su propuesta con una l\u00ednea de taburetes cuyo dise\u00f1o se basa en el desarrollo de la altura de la silla sin brazos.<\/p>\n","protected":false},"featured_media":1885,"template":"","meta":{"_joinchat":[]},"product_cat":[19],"product_tag":[],"class_list":{"0":"post-1883","1":"product","2":"type-product","3":"status-publish","4":"has-post-thumbnail","6":"product_cat-saba-collection","8":"first","9":"outofstock","10":"shipping-taxable","11":"purchasable","12":"product-type-simple"},"aioseo_notices":[],"_links":{"self":[{"href":"https:\/\/mueblesitalianos.com\/site\/wp-json\/wp\/v2\/product\/1883","targetHints":{"allow":["GET"]}}],"collection":[{"href":"https:\/\/mueblesitalianos.com\/site\/wp-json\/wp\/v2\/product"}],"about":[{"href":"https:\/\/mueblesitalianos.com\/site\/wp-json\/wp\/v2\/types\/product"}],"wp:featuredmedia":[{"embeddable":true,"href":"https:\/\/mueblesitalianos.com\/site\/wp-json\/wp\/v2\/media\/1885"}],"wp:attachment":[{"href":"https:\/\/mueblesitalianos.com\/site\/wp-json\/wp\/v2\/media?parent=1883"}],"wp:term":[{"taxonomy":"product_cat","embeddable":true,"href":"https:\/\/mueblesitalianos.com\/site\/wp-json\/wp\/v2\/product_cat?post=1883"},{"taxonomy":"product_tag","embeddable":true,"href":"https:\/\/mueblesitalianos.com\/site\/wp-json\/wp\/v2\/product_tag?post=1883"}],"curies":[{"name":"wp","href":"https:\/\/api.w.org\/{rel}","templated":true}]}}