{"id":1890,"date":"2022-11-11T23:21:46","date_gmt":"2022-11-11T23:21:46","guid":{"rendered":"https:\/\/mueblesitalianos.com\/site\/?post_type=product&#038;p=1890"},"modified":"2022-11-11T23:21:46","modified_gmt":"2022-11-11T23:21:46","slug":"isabelle-chair","status":"publish","type":"product","link":"https:\/\/mueblesitalianos.com\/site\/producto\/isabelle-chair\/","title":{"rendered":"Isabelle Chair"},"content":{"rendered":"<p>Una silla con las caracter\u00edsticas de un peque\u00f1o cuento femenino: discreta y refinada, serena y sencilla. Una cubierta redonda acentuada por la sastrer\u00eda del tejido, terciopelo en el exterior y jacquard boucle en el interior. Completamente desenfundable.<\/p>\n","protected":false},"excerpt":{"rendered":"<p>Una silla con las caracter\u00edsticas de un peque\u00f1o cuento femenino: discreta y refinada, serena y sencilla.<\/p>\n","protected":false},"featured_media":1891,"template":"","meta":{"_joinchat":[]},"product_cat":[19],"product_tag":[],"class_list":{"0":"post-1890","1":"product","2":"type-product","3":"status-publish","4":"has-post-thumbnail","6":"product_cat-saba-collection","8":"first","9":"outofstock","10":"shipping-taxable","11":"purchasable","12":"product-type-simple"},"aioseo_notices":[],"_links":{"self":[{"href":"https:\/\/mueblesitalianos.com\/site\/wp-json\/wp\/v2\/product\/1890","targetHints":{"allow":["GET"]}}],"collection":[{"href":"https:\/\/mueblesitalianos.com\/site\/wp-json\/wp\/v2\/product"}],"about":[{"href":"https:\/\/mueblesitalianos.com\/site\/wp-json\/wp\/v2\/types\/product"}],"wp:featuredmedia":[{"embeddable":true,"href":"https:\/\/mueblesitalianos.com\/site\/wp-json\/wp\/v2\/media\/1891"}],"wp:attachment":[{"href":"https:\/\/mueblesitalianos.com\/site\/wp-json\/wp\/v2\/media?parent=1890"}],"wp:term":[{"taxonomy":"product_cat","embeddable":true,"href":"https:\/\/mueblesitalianos.com\/site\/wp-json\/wp\/v2\/product_cat?post=1890"},{"taxonomy":"product_tag","embeddable":true,"href":"https:\/\/mueblesitalianos.com\/site\/wp-json\/wp\/v2\/product_tag?post=1890"}],"curies":[{"name":"wp","href":"https:\/\/api.w.org\/{rel}","templated":true}]}}