{"id":1897,"date":"2022-11-11T23:30:44","date_gmt":"2022-11-11T23:30:44","guid":{"rendered":"https:\/\/mueblesitalianos.com\/site\/?post_type=product&#038;p=1897"},"modified":"2022-11-11T23:30:45","modified_gmt":"2022-11-11T23:30:45","slug":"wabi-cama","status":"publish","type":"product","link":"https:\/\/mueblesitalianos.com\/site\/producto\/wabi-cama\/","title":{"rendered":"Wabi CAMA"},"content":{"rendered":"<p>Wabi es una palabra que celebra el placer de la sencillez y la belleza inherente a la imperfecci\u00f3n natural de las cosas. La filosof\u00eda Wabi nos ense\u00f1a a redescubrir la belleza de una creaci\u00f3n intuitiva y espont\u00e1nea.<\/p>\n","protected":false},"excerpt":{"rendered":"<p>Wabi es una palabra que celebra el placer de la sencillez y la belleza inherente a la imperfecci\u00f3n natural de las cosas.<\/p>\n","protected":false},"featured_media":1899,"template":"","meta":{"_joinchat":[]},"product_cat":[19],"product_tag":[],"class_list":{"0":"post-1897","1":"product","2":"type-product","3":"status-publish","4":"has-post-thumbnail","6":"product_cat-saba-collection","8":"first","9":"outofstock","10":"shipping-taxable","11":"purchasable","12":"product-type-simple"},"aioseo_notices":[],"_links":{"self":[{"href":"https:\/\/mueblesitalianos.com\/site\/wp-json\/wp\/v2\/product\/1897","targetHints":{"allow":["GET"]}}],"collection":[{"href":"https:\/\/mueblesitalianos.com\/site\/wp-json\/wp\/v2\/product"}],"about":[{"href":"https:\/\/mueblesitalianos.com\/site\/wp-json\/wp\/v2\/types\/product"}],"wp:featuredmedia":[{"embeddable":true,"href":"https:\/\/mueblesitalianos.com\/site\/wp-json\/wp\/v2\/media\/1899"}],"wp:attachment":[{"href":"https:\/\/mueblesitalianos.com\/site\/wp-json\/wp\/v2\/media?parent=1897"}],"wp:term":[{"taxonomy":"product_cat","embeddable":true,"href":"https:\/\/mueblesitalianos.com\/site\/wp-json\/wp\/v2\/product_cat?post=1897"},{"taxonomy":"product_tag","embeddable":true,"href":"https:\/\/mueblesitalianos.com\/site\/wp-json\/wp\/v2\/product_tag?post=1897"}],"curies":[{"name":"wp","href":"https:\/\/api.w.org\/{rel}","templated":true}]}}