{"id":1900,"date":"2022-11-11T23:35:09","date_gmt":"2022-11-11T23:35:09","guid":{"rendered":"https:\/\/mueblesitalianos.com\/site\/?post_type=product&#038;p=1900"},"modified":"2022-11-11T23:35:09","modified_gmt":"2022-11-11T23:35:09","slug":"letto-pixel-box-large-cama","status":"publish","type":"product","link":"https:\/\/mueblesitalianos.com\/site\/producto\/letto-pixel-box-large-cama\/","title":{"rendered":"Letto Pixel Box Large CAMA"},"content":{"rendered":"<p>Pixel Box Large es la propuesta m\u00e1s voluminosa de la colecci\u00f3n noche Pixel, completamente envuelto por el generoso y suave cubre somier. La cama Pixel Box Large es la versi\u00f3n que m\u00e1s evidentemente evoca el sof\u00e1 Pixel y su emblem\u00e1tica costura pespunteada. Completamente desenfundable.<\/p>\n","protected":false},"excerpt":{"rendered":"<p>Pixel Box Large es la propuesta m\u00e1s voluminosa de la colecci\u00f3n noche Pixel, completamente envuelto por el generoso y suave cubre somier.<\/p>\n","protected":false},"featured_media":1902,"template":"","meta":{"_joinchat":[]},"product_cat":[19],"product_tag":[],"class_list":{"0":"post-1900","1":"product","2":"type-product","3":"status-publish","4":"has-post-thumbnail","6":"product_cat-saba-collection","8":"first","9":"outofstock","10":"shipping-taxable","11":"purchasable","12":"product-type-simple"},"aioseo_notices":[],"_links":{"self":[{"href":"https:\/\/mueblesitalianos.com\/site\/wp-json\/wp\/v2\/product\/1900","targetHints":{"allow":["GET"]}}],"collection":[{"href":"https:\/\/mueblesitalianos.com\/site\/wp-json\/wp\/v2\/product"}],"about":[{"href":"https:\/\/mueblesitalianos.com\/site\/wp-json\/wp\/v2\/types\/product"}],"wp:featuredmedia":[{"embeddable":true,"href":"https:\/\/mueblesitalianos.com\/site\/wp-json\/wp\/v2\/media\/1902"}],"wp:attachment":[{"href":"https:\/\/mueblesitalianos.com\/site\/wp-json\/wp\/v2\/media?parent=1900"}],"wp:term":[{"taxonomy":"product_cat","embeddable":true,"href":"https:\/\/mueblesitalianos.com\/site\/wp-json\/wp\/v2\/product_cat?post=1900"},{"taxonomy":"product_tag","embeddable":true,"href":"https:\/\/mueblesitalianos.com\/site\/wp-json\/wp\/v2\/product_tag?post=1900"}],"curies":[{"name":"wp","href":"https:\/\/api.w.org\/{rel}","templated":true}]}}