{"id":1906,"date":"2022-11-11T23:56:55","date_gmt":"2022-11-11T23:56:55","guid":{"rendered":"https:\/\/mueblesitalianos.com\/site\/?post_type=product&#038;p=1906"},"modified":"2022-11-11T23:56:55","modified_gmt":"2022-11-11T23:56:55","slug":"bed-breakfast","status":"publish","type":"product","link":"https:\/\/mueblesitalianos.com\/site\/producto\/bed-breakfast\/","title":{"rendered":"Bed &#038; Breakfast"},"content":{"rendered":"<p>Bed &amp; Breakfast es un sof\u00e1 cama que permite voltear el respaldo y transformar el sof\u00e1 en una cama confortable con un simple movimiento. La apertura del sof\u00e1 es facilitada por la presencia de una hendidura rectangular debajo de la base, y por la estructura particular del somier que, desliz\u00e1ndose horizontalmente gracias a un mecanismo de encastre a peine, crea un alargamiento del espacio de apoyo. Bed &amp; Breakfast se compone de sof\u00e1-cama matrimonial y chaise longue-cama individual. Cuando se usan en su totalidad, los maxicojines de apoyo pueden usarse como un edred\u00f3n; en cambio, cuando se doblan y cierran cierran con los dos botones, garantizan una \u00f3ptima ergonom\u00eda como respaldo. Completamente desenfundable.<\/p>\n","protected":false},"excerpt":{"rendered":"<p>Bed &amp; Breakfast es un sof\u00e1 cama que permite voltear el respaldo y transformar el sof\u00e1 en una cama confortable con un simple movimiento.<\/p>\n","protected":false},"featured_media":1907,"template":"","meta":{"_joinchat":[]},"product_cat":[19],"product_tag":[],"class_list":{"0":"post-1906","1":"product","2":"type-product","3":"status-publish","4":"has-post-thumbnail","6":"product_cat-saba-collection","8":"first","9":"outofstock","10":"shipping-taxable","11":"purchasable","12":"product-type-simple"},"aioseo_notices":[],"_links":{"self":[{"href":"https:\/\/mueblesitalianos.com\/site\/wp-json\/wp\/v2\/product\/1906","targetHints":{"allow":["GET"]}}],"collection":[{"href":"https:\/\/mueblesitalianos.com\/site\/wp-json\/wp\/v2\/product"}],"about":[{"href":"https:\/\/mueblesitalianos.com\/site\/wp-json\/wp\/v2\/types\/product"}],"wp:featuredmedia":[{"embeddable":true,"href":"https:\/\/mueblesitalianos.com\/site\/wp-json\/wp\/v2\/media\/1907"}],"wp:attachment":[{"href":"https:\/\/mueblesitalianos.com\/site\/wp-json\/wp\/v2\/media?parent=1906"}],"wp:term":[{"taxonomy":"product_cat","embeddable":true,"href":"https:\/\/mueblesitalianos.com\/site\/wp-json\/wp\/v2\/product_cat?post=1906"},{"taxonomy":"product_tag","embeddable":true,"href":"https:\/\/mueblesitalianos.com\/site\/wp-json\/wp\/v2\/product_tag?post=1906"}],"curies":[{"name":"wp","href":"https:\/\/api.w.org\/{rel}","templated":true}]}}