{"id":1915,"date":"2022-11-12T00:06:27","date_gmt":"2022-11-12T00:06:27","guid":{"rendered":"https:\/\/mueblesitalianos.com\/site\/?post_type=product&#038;p=1915"},"modified":"2022-11-12T00:06:27","modified_gmt":"2022-11-12T00:06:27","slug":"teo","status":"publish","type":"product","link":"https:\/\/mueblesitalianos.com\/site\/producto\/teo\/","title":{"rendered":"Teo"},"content":{"rendered":"<p>La mesa baja Teo, dise\u00f1ada por el estudio Zanellato\/Bortotto, parte de la idea de evocar un arquetipo constructivo y simb\u00f3lico como la c\u00fapula.<\/p>\n<p>Una soluci\u00f3n arquitect\u00f3nica compleja y fascinante, adaptada en diferentes \u00e9pocas y lugares por los grandes arquitectos de la historia, desde Borromini a Brunelleschi, desde LIoyd Wright a Nervi.<\/p>\n","protected":false},"excerpt":{"rendered":"<p>La mesa baja Teo, dise\u00f1ada por el estudio Zanellato\/Bortotto, parte de la idea de evocar un arquetipo constructivo y simb\u00f3lico como la c\u00fapula.<\/p>\n","protected":false},"featured_media":1916,"template":"","meta":{"_joinchat":[]},"product_cat":[19],"product_tag":[],"class_list":{"0":"post-1915","1":"product","2":"type-product","3":"status-publish","4":"has-post-thumbnail","6":"product_cat-saba-collection","8":"first","9":"outofstock","10":"shipping-taxable","11":"purchasable","12":"product-type-simple"},"aioseo_notices":[],"_links":{"self":[{"href":"https:\/\/mueblesitalianos.com\/site\/wp-json\/wp\/v2\/product\/1915","targetHints":{"allow":["GET"]}}],"collection":[{"href":"https:\/\/mueblesitalianos.com\/site\/wp-json\/wp\/v2\/product"}],"about":[{"href":"https:\/\/mueblesitalianos.com\/site\/wp-json\/wp\/v2\/types\/product"}],"wp:featuredmedia":[{"embeddable":true,"href":"https:\/\/mueblesitalianos.com\/site\/wp-json\/wp\/v2\/media\/1916"}],"wp:attachment":[{"href":"https:\/\/mueblesitalianos.com\/site\/wp-json\/wp\/v2\/media?parent=1915"}],"wp:term":[{"taxonomy":"product_cat","embeddable":true,"href":"https:\/\/mueblesitalianos.com\/site\/wp-json\/wp\/v2\/product_cat?post=1915"},{"taxonomy":"product_tag","embeddable":true,"href":"https:\/\/mueblesitalianos.com\/site\/wp-json\/wp\/v2\/product_tag?post=1915"}],"curies":[{"name":"wp","href":"https:\/\/api.w.org\/{rel}","templated":true}]}}