{"id":1918,"date":"2022-11-12T00:08:42","date_gmt":"2022-11-12T00:08:42","guid":{"rendered":"https:\/\/mueblesitalianos.com\/site\/?post_type=product&#038;p=1918"},"modified":"2022-11-12T00:08:43","modified_gmt":"2022-11-12T00:08:43","slug":"hexa-consolle","status":"publish","type":"product","link":"https:\/\/mueblesitalianos.com\/site\/producto\/hexa-consolle\/","title":{"rendered":"Hexa Consolle"},"content":{"rendered":"<p>Le projet puise son inspiration dans la m\u00e9moire, en r\u00e9cup\u00e9rant des formes simples et embl\u00e9matiques qui appartiennent au pass\u00e9. L\u2019\u00e9l\u00e9ment central de la collection est un montant hexagonal utilis\u00e9 dans le b\u00e2timent. Dans ce contexte, il est interpr\u00e9t\u00e9 comme articulation sur laquelle vient s\u2019attacher perpendiculairement le pied, lui aussi r\u00e9cup\u00e9ration stylistique \u00e9voquant les ann\u00e9es 50. La base de la table basse est un tube de m\u00e9tal laqu\u00e9.<\/p>\n","protected":false},"excerpt":{"rendered":"<p>Le projet puise son inspiration dans la m\u00e9moire, en r\u00e9cup\u00e9rant des formes simples et embl\u00e9matiques qui appartiennent au pass\u00e9.<\/p>\n","protected":false},"featured_media":1919,"template":"","meta":{"_joinchat":[]},"product_cat":[19],"product_tag":[],"class_list":{"0":"post-1918","1":"product","2":"type-product","3":"status-publish","4":"has-post-thumbnail","6":"product_cat-saba-collection","8":"first","9":"outofstock","10":"shipping-taxable","11":"purchasable","12":"product-type-simple"},"aioseo_notices":[],"_links":{"self":[{"href":"https:\/\/mueblesitalianos.com\/site\/wp-json\/wp\/v2\/product\/1918","targetHints":{"allow":["GET"]}}],"collection":[{"href":"https:\/\/mueblesitalianos.com\/site\/wp-json\/wp\/v2\/product"}],"about":[{"href":"https:\/\/mueblesitalianos.com\/site\/wp-json\/wp\/v2\/types\/product"}],"wp:featuredmedia":[{"embeddable":true,"href":"https:\/\/mueblesitalianos.com\/site\/wp-json\/wp\/v2\/media\/1919"}],"wp:attachment":[{"href":"https:\/\/mueblesitalianos.com\/site\/wp-json\/wp\/v2\/media?parent=1918"}],"wp:term":[{"taxonomy":"product_cat","embeddable":true,"href":"https:\/\/mueblesitalianos.com\/site\/wp-json\/wp\/v2\/product_cat?post=1918"},{"taxonomy":"product_tag","embeddable":true,"href":"https:\/\/mueblesitalianos.com\/site\/wp-json\/wp\/v2\/product_tag?post=1918"}],"curies":[{"name":"wp","href":"https:\/\/api.w.org\/{rel}","templated":true}]}}