{"id":1921,"date":"2022-11-12T00:11:58","date_gmt":"2022-11-12T00:11:58","guid":{"rendered":"https:\/\/mueblesitalianos.com\/site\/?post_type=product&#038;p=1921"},"modified":"2022-11-12T00:11:58","modified_gmt":"2022-11-12T00:11:58","slug":"leyva","status":"publish","type":"product","link":"https:\/\/mueblesitalianos.com\/site\/producto\/leyva\/","title":{"rendered":"Leyva"},"content":{"rendered":"<p>Mesa de centro con estructura a rejilla, en varilla de hierro pintado y soldado formando cuadrados regulares, sofisticado y algo impactante a la vista, decora la sala de estar con un toque de levedad y contemporaneidad. La colecci\u00f3n Leyva tambi\u00e9n incluye una librer\u00eda con el mismo dise\u00f1o, lineal y esencial. Su silueta esbelta y minimalista evoca una idea de gran ligereza y se adapta a cualquier ambiente, ya sea contra una pared o apoyada en el suelo. Ideal para salas de estar contempor\u00e1neas y tambi\u00e9n para ambientes de estilo industrial, puede aportar una nota inesperada en combinaci\u00f3n con muebles cl\u00e1sicos. Los repisas m\u00f3viles y la base, para la librer\u00eda de suelo, son de chapa pintada.<\/p>\n","protected":false},"excerpt":{"rendered":"<p>Mesa de centro con estructura a rejilla, en varilla de hierro pintado y soldado formando cuadrados regulares, sofisticado y algo impactante a la vista, decora la sala de estar con un toque de levedad y contemporaneidad.<\/p>\n","protected":false},"featured_media":1922,"template":"","meta":{"_joinchat":[]},"product_cat":[19],"product_tag":[],"class_list":{"0":"post-1921","1":"product","2":"type-product","3":"status-publish","4":"has-post-thumbnail","6":"product_cat-saba-collection","8":"first","9":"outofstock","10":"shipping-taxable","11":"purchasable","12":"product-type-simple"},"aioseo_notices":[],"_links":{"self":[{"href":"https:\/\/mueblesitalianos.com\/site\/wp-json\/wp\/v2\/product\/1921","targetHints":{"allow":["GET"]}}],"collection":[{"href":"https:\/\/mueblesitalianos.com\/site\/wp-json\/wp\/v2\/product"}],"about":[{"href":"https:\/\/mueblesitalianos.com\/site\/wp-json\/wp\/v2\/types\/product"}],"wp:featuredmedia":[{"embeddable":true,"href":"https:\/\/mueblesitalianos.com\/site\/wp-json\/wp\/v2\/media\/1922"}],"wp:attachment":[{"href":"https:\/\/mueblesitalianos.com\/site\/wp-json\/wp\/v2\/media?parent=1921"}],"wp:term":[{"taxonomy":"product_cat","embeddable":true,"href":"https:\/\/mueblesitalianos.com\/site\/wp-json\/wp\/v2\/product_cat?post=1921"},{"taxonomy":"product_tag","embeddable":true,"href":"https:\/\/mueblesitalianos.com\/site\/wp-json\/wp\/v2\/product_tag?post=1921"}],"curies":[{"name":"wp","href":"https:\/\/api.w.org\/{rel}","templated":true}]}}