{"id":1925,"date":"2022-11-12T00:14:24","date_gmt":"2022-11-12T00:14:24","guid":{"rendered":"https:\/\/mueblesitalianos.com\/site\/?post_type=product&#038;p=1925"},"modified":"2022-11-12T00:14:24","modified_gmt":"2022-11-12T00:14:24","slug":"ananta-class-table","status":"publish","type":"product","link":"https:\/\/mueblesitalianos.com\/site\/producto\/ananta-class-table\/","title":{"rendered":"Ananta Class Table"},"content":{"rendered":"<p>Para completar la l\u00ednea de asientos hom\u00f3nima, Ananta Class Table representa una forma nueva, democr\u00e1tica y contempor\u00e1nea de subordinar el objeto a la centralidad del hombre.<\/p>\n","protected":false},"excerpt":{"rendered":"<p>Para completar la l\u00ednea de asientos hom\u00f3nima, Ananta Class Table representa una forma nueva, democr\u00e1tica y contempor\u00e1nea de subordinar el objeto a la centralidad del hombre.<\/p>\n","protected":false},"featured_media":1926,"template":"","meta":{"_joinchat":[]},"product_cat":[19],"product_tag":[],"class_list":{"0":"post-1925","1":"product","2":"type-product","3":"status-publish","4":"has-post-thumbnail","6":"product_cat-saba-collection","8":"first","9":"outofstock","10":"shipping-taxable","11":"purchasable","12":"product-type-simple"},"aioseo_notices":[],"_links":{"self":[{"href":"https:\/\/mueblesitalianos.com\/site\/wp-json\/wp\/v2\/product\/1925","targetHints":{"allow":["GET"]}}],"collection":[{"href":"https:\/\/mueblesitalianos.com\/site\/wp-json\/wp\/v2\/product"}],"about":[{"href":"https:\/\/mueblesitalianos.com\/site\/wp-json\/wp\/v2\/types\/product"}],"wp:featuredmedia":[{"embeddable":true,"href":"https:\/\/mueblesitalianos.com\/site\/wp-json\/wp\/v2\/media\/1926"}],"wp:attachment":[{"href":"https:\/\/mueblesitalianos.com\/site\/wp-json\/wp\/v2\/media?parent=1925"}],"wp:term":[{"taxonomy":"product_cat","embeddable":true,"href":"https:\/\/mueblesitalianos.com\/site\/wp-json\/wp\/v2\/product_cat?post=1925"},{"taxonomy":"product_tag","embeddable":true,"href":"https:\/\/mueblesitalianos.com\/site\/wp-json\/wp\/v2\/product_tag?post=1925"}],"curies":[{"name":"wp","href":"https:\/\/api.w.org\/{rel}","templated":true}]}}