{"id":1928,"date":"2022-11-12T00:16:44","date_gmt":"2022-11-12T00:16:44","guid":{"rendered":"https:\/\/mueblesitalianos.com\/site\/?post_type=product&#038;p=1928"},"modified":"2022-11-12T00:16:44","modified_gmt":"2022-11-12T00:16:44","slug":"ziggy","status":"publish","type":"product","link":"https:\/\/mueblesitalianos.com\/site\/producto\/ziggy\/","title":{"rendered":"Ziggy"},"content":{"rendered":"<p>Metal, madera, cuerda, materiales simples que reinventan objetos de uso com\u00fan. Una colecci\u00f3n de taburetes bajos y mesas de centro en varillas redondas de metal y cuerda n\u00e1utica trenzada, se mezclan como en una paleta de pintor. Las siluetas tipo barril y clepsidra se re\u00fanen para componer islas expansibles: asociaciones y vol\u00famenes que se perfeccionan en las combinaciones de tonalidades mezcladas de los cabos, indicando una nueva idea de complemento con una posibilidad ilimitada de personalizaci\u00f3n del espacio. La cuerda trenzada de dos colores es una combinaci\u00f3n exclusiva de Saba.<\/p>\n","protected":false},"excerpt":{"rendered":"<p>Metal, madera, cuerda, materiales simples que reinventan objetos de uso com\u00fan. Una colecci\u00f3n de taburetes bajos y mesas de centro en varillas redondas de metal y cuerda n\u00e1utica trenzada, se mezclan como en una paleta de pintor.<\/p>\n","protected":false},"featured_media":1929,"template":"","meta":{"_joinchat":[]},"product_cat":[19],"product_tag":[],"class_list":{"0":"post-1928","1":"product","2":"type-product","3":"status-publish","4":"has-post-thumbnail","6":"product_cat-saba-collection","8":"first","9":"outofstock","10":"shipping-taxable","11":"purchasable","12":"product-type-simple"},"aioseo_notices":[],"_links":{"self":[{"href":"https:\/\/mueblesitalianos.com\/site\/wp-json\/wp\/v2\/product\/1928","targetHints":{"allow":["GET"]}}],"collection":[{"href":"https:\/\/mueblesitalianos.com\/site\/wp-json\/wp\/v2\/product"}],"about":[{"href":"https:\/\/mueblesitalianos.com\/site\/wp-json\/wp\/v2\/types\/product"}],"wp:featuredmedia":[{"embeddable":true,"href":"https:\/\/mueblesitalianos.com\/site\/wp-json\/wp\/v2\/media\/1929"}],"wp:attachment":[{"href":"https:\/\/mueblesitalianos.com\/site\/wp-json\/wp\/v2\/media?parent=1928"}],"wp:term":[{"taxonomy":"product_cat","embeddable":true,"href":"https:\/\/mueblesitalianos.com\/site\/wp-json\/wp\/v2\/product_cat?post=1928"},{"taxonomy":"product_tag","embeddable":true,"href":"https:\/\/mueblesitalianos.com\/site\/wp-json\/wp\/v2\/product_tag?post=1928"}],"curies":[{"name":"wp","href":"https:\/\/api.w.org\/{rel}","templated":true}]}}