{"id":1937,"date":"2022-11-12T15:14:09","date_gmt":"2022-11-12T15:14:09","guid":{"rendered":"https:\/\/mueblesitalianos.com\/site\/?post_type=product&#038;p=1937"},"modified":"2022-11-12T15:14:09","modified_gmt":"2022-11-12T15:14:09","slug":"cristaline-table","status":"publish","type":"product","link":"https:\/\/mueblesitalianos.com\/site\/producto\/cristaline-table\/","title":{"rendered":"Cristaline Table"},"content":{"rendered":"<p>Mesa con sobre en cristal extralight fundido y templado de 15 mm, disponible transparente o retrolacado con pinturas metalizadas. Base met\u00e1lica disponible en acabados Titanio opaco o N\u00edquel Negro Brillo. La tapa est\u00e1 disponible tambi\u00e9n en cristal extralight templado de 15 mm, o en cristal bronce o ahumado de 16 mm, estratificado y biselado.<\/p>\n","protected":false},"excerpt":{"rendered":"<p>MESA CON TOP DE VIDRIO FUNDIDO<\/p>\n","protected":false},"featured_media":1938,"template":"","meta":{"_joinchat":[]},"product_cat":[20],"product_tag":[],"class_list":{"0":"post-1937","1":"product","2":"type-product","3":"status-publish","4":"has-post-thumbnail","6":"product_cat-fiam-collection","8":"first","9":"outofstock","10":"shipping-taxable","11":"purchasable","12":"product-type-simple"},"aioseo_notices":[],"_links":{"self":[{"href":"https:\/\/mueblesitalianos.com\/site\/wp-json\/wp\/v2\/product\/1937","targetHints":{"allow":["GET"]}}],"collection":[{"href":"https:\/\/mueblesitalianos.com\/site\/wp-json\/wp\/v2\/product"}],"about":[{"href":"https:\/\/mueblesitalianos.com\/site\/wp-json\/wp\/v2\/types\/product"}],"wp:featuredmedia":[{"embeddable":true,"href":"https:\/\/mueblesitalianos.com\/site\/wp-json\/wp\/v2\/media\/1938"}],"wp:attachment":[{"href":"https:\/\/mueblesitalianos.com\/site\/wp-json\/wp\/v2\/media?parent=1937"}],"wp:term":[{"taxonomy":"product_cat","embeddable":true,"href":"https:\/\/mueblesitalianos.com\/site\/wp-json\/wp\/v2\/product_cat?post=1937"},{"taxonomy":"product_tag","embeddable":true,"href":"https:\/\/mueblesitalianos.com\/site\/wp-json\/wp\/v2\/product_tag?post=1937"}],"curies":[{"name":"wp","href":"https:\/\/api.w.org\/{rel}","templated":true}]}}