{"id":1955,"date":"2022-11-12T15:22:55","date_gmt":"2022-11-12T15:22:55","guid":{"rendered":"https:\/\/mueblesitalianos.com\/site\/?post_type=product&#038;p=1955"},"modified":"2022-11-12T15:22:55","modified_gmt":"2022-11-12T15:22:55","slug":"hype-table","status":"publish","type":"product","link":"https:\/\/mueblesitalianos.com\/site\/producto\/hype-table\/","title":{"rendered":"Hype Table"},"content":{"rendered":"<p>Mesa con base de metal pintado, acabado \u201cGris Lava\u201d. Tapa disponible en vidrio fundido de alta temperatura de 12 o 15 mm, retrolacado con pantallas met\u00e1licas, o vidrio retrolacado con pantalla monocrom\u00e1tica. Tapa tambi\u00e9n disponible en cristal transparente fundido y templado.<\/p>\n","protected":false},"excerpt":{"rendered":"<p>MESA CON TOP DE VIDRIO FUNDIDO<\/p>\n","protected":false},"featured_media":1956,"template":"","meta":{"_joinchat":[]},"product_cat":[20],"product_tag":[],"class_list":{"0":"post-1955","1":"product","2":"type-product","3":"status-publish","4":"has-post-thumbnail","6":"product_cat-fiam-collection","8":"first","9":"outofstock","10":"shipping-taxable","11":"purchasable","12":"product-type-simple"},"aioseo_notices":[],"_links":{"self":[{"href":"https:\/\/mueblesitalianos.com\/site\/wp-json\/wp\/v2\/product\/1955","targetHints":{"allow":["GET"]}}],"collection":[{"href":"https:\/\/mueblesitalianos.com\/site\/wp-json\/wp\/v2\/product"}],"about":[{"href":"https:\/\/mueblesitalianos.com\/site\/wp-json\/wp\/v2\/types\/product"}],"wp:featuredmedia":[{"embeddable":true,"href":"https:\/\/mueblesitalianos.com\/site\/wp-json\/wp\/v2\/media\/1956"}],"wp:attachment":[{"href":"https:\/\/mueblesitalianos.com\/site\/wp-json\/wp\/v2\/media?parent=1955"}],"wp:term":[{"taxonomy":"product_cat","embeddable":true,"href":"https:\/\/mueblesitalianos.com\/site\/wp-json\/wp\/v2\/product_cat?post=1955"},{"taxonomy":"product_tag","embeddable":true,"href":"https:\/\/mueblesitalianos.com\/site\/wp-json\/wp\/v2\/product_tag?post=1955"}],"curies":[{"name":"wp","href":"https:\/\/api.w.org\/{rel}","templated":true}]}}