{"id":1968,"date":"2022-11-14T06:54:48","date_gmt":"2022-11-14T06:54:48","guid":{"rendered":"https:\/\/mueblesitalianos.com\/site\/?post_type=product&#038;p=1968"},"modified":"2022-11-17T16:54:45","modified_gmt":"2022-11-17T16:54:45","slug":"leonardo-sofa","status":"publish","type":"product","link":"https:\/\/mueblesitalianos.com\/site\/producto\/leonardo-sofa\/","title":{"rendered":"Leonardo Sofa"},"content":{"rendered":"<p>Creado en 1969 en un solo prototipo basado en el dise\u00f1o de los fundadores de Studio65, Franco y Nan\u00e0 Audrito, para su home-office en Tur\u00edn, el proyecto, parodia de los sof\u00e1s seccionales que estaban de moda en los salones de los a\u00f1os 60, ahora se incorpora al cat\u00e1logo de Gufram con el mismo acabado original en barras y estrellas, en una serie de edici\u00f3n limitada de tan solo 15 piezas.<\/p>\n<p>En cada una de sus configuraciones, Leonardo celebra, deconstruye y exalta la bandera estadounidense y sus valores positivos al mismo tiempo que denuncia las fallas, la inclinaci\u00f3n imperialista de los Estados Unidos durante los a\u00f1os de la Guerra de Vietnam y el comienzo de la presidencia de Nixon en 1969.<\/p>\n","protected":false},"excerpt":{"rendered":"<p>Creado en 1969 en un solo prototipo basado en el dise\u00f1o de los fundadores de Studio65, Franco y Nan\u00e0 Audrito, para su home-office en Tur\u00edn, el proyecto, parodia de los sof\u00e1s seccionales que estaban de moda en los salones de los a\u00f1os 60, ahora se incorpora al cat\u00e1logo de Gufram con el mismo acabado original en barras y estrellas, en una serie de edici\u00f3n limitada de tan solo 15 piezas.<\/p>\n","protected":false},"featured_media":1969,"template":"","meta":{"_joinchat":[]},"product_cat":[23],"product_tag":[],"class_list":{"0":"post-1968","1":"product","2":"type-product","3":"status-publish","4":"has-post-thumbnail","6":"product_cat-gufram-collection","8":"first","9":"outofstock","10":"shipping-taxable","11":"purchasable","12":"product-type-simple"},"aioseo_notices":[],"_links":{"self":[{"href":"https:\/\/mueblesitalianos.com\/site\/wp-json\/wp\/v2\/product\/1968","targetHints":{"allow":["GET"]}}],"collection":[{"href":"https:\/\/mueblesitalianos.com\/site\/wp-json\/wp\/v2\/product"}],"about":[{"href":"https:\/\/mueblesitalianos.com\/site\/wp-json\/wp\/v2\/types\/product"}],"wp:featuredmedia":[{"embeddable":true,"href":"https:\/\/mueblesitalianos.com\/site\/wp-json\/wp\/v2\/media\/1969"}],"wp:attachment":[{"href":"https:\/\/mueblesitalianos.com\/site\/wp-json\/wp\/v2\/media?parent=1968"}],"wp:term":[{"taxonomy":"product_cat","embeddable":true,"href":"https:\/\/mueblesitalianos.com\/site\/wp-json\/wp\/v2\/product_cat?post=1968"},{"taxonomy":"product_tag","embeddable":true,"href":"https:\/\/mueblesitalianos.com\/site\/wp-json\/wp\/v2\/product_tag?post=1968"}],"curies":[{"name":"wp","href":"https:\/\/api.w.org\/{rel}","templated":true}]}}