{"id":1973,"date":"2022-11-14T07:10:08","date_gmt":"2022-11-14T07:10:08","guid":{"rendered":"https:\/\/mueblesitalianos.com\/site\/?post_type=product&#038;p=1973"},"modified":"2022-11-17T16:53:48","modified_gmt":"2022-11-17T16:53:48","slug":"roxanne-sillon","status":"publish","type":"product","link":"https:\/\/mueblesitalianos.com\/site\/producto\/roxanne-sillon\/","title":{"rendered":"Roxanne Sillon"},"content":{"rendered":"<p>El nombre de este asiento evoca la m\u00fasica y la pasi\u00f3n de Michael Young por Sting and the Police. Y la m\u00fasica jug\u00f3 un papel fundamental en la concepci\u00f3n de este sinuoso sill\u00f3n: de hecho, la inspiraci\u00f3n viene del decorado disco que dise\u00f1aron los dise\u00f1adores radicales de los a\u00f1os setenta y que, en muchos casos, fue producido precisamente por Gufram.<\/p>\n<p>Las formas de Michael Young siempre han combinado la ergonom\u00eda con la tecnolog\u00eda, miradas sinuosas y materiales de vanguardia. Roxanne fue dise\u00f1ada con la ayuda de un innovador programa inform\u00e1tico que permiti\u00f3 al dise\u00f1ador construir una forma muy ergon\u00f3mica y c\u00f3moda.<\/p>\n","protected":false},"excerpt":{"rendered":"<p>El nombre de este asiento evoca la m\u00fasica y la pasi\u00f3n de Michael Young por Sting and the Police.<\/p>\n","protected":false},"featured_media":1974,"template":"","meta":{"_joinchat":[]},"product_cat":[23],"product_tag":[],"class_list":{"0":"post-1973","1":"product","2":"type-product","3":"status-publish","4":"has-post-thumbnail","6":"product_cat-gufram-collection","7":"pa_color-blue","8":"pa_color-grey","9":"pa_color-ochre","10":"pa_color-pink","11":"pa_color-yellow","13":"first","14":"outofstock","15":"shipping-taxable","16":"purchasable","17":"product-type-variable"},"aioseo_notices":[],"_links":{"self":[{"href":"https:\/\/mueblesitalianos.com\/site\/wp-json\/wp\/v2\/product\/1973","targetHints":{"allow":["GET"]}}],"collection":[{"href":"https:\/\/mueblesitalianos.com\/site\/wp-json\/wp\/v2\/product"}],"about":[{"href":"https:\/\/mueblesitalianos.com\/site\/wp-json\/wp\/v2\/types\/product"}],"wp:featuredmedia":[{"embeddable":true,"href":"https:\/\/mueblesitalianos.com\/site\/wp-json\/wp\/v2\/media\/1974"}],"wp:attachment":[{"href":"https:\/\/mueblesitalianos.com\/site\/wp-json\/wp\/v2\/media?parent=1973"}],"wp:term":[{"taxonomy":"product_cat","embeddable":true,"href":"https:\/\/mueblesitalianos.com\/site\/wp-json\/wp\/v2\/product_cat?post=1973"},{"taxonomy":"product_tag","embeddable":true,"href":"https:\/\/mueblesitalianos.com\/site\/wp-json\/wp\/v2\/product_tag?post=1973"}],"curies":[{"name":"wp","href":"https:\/\/api.w.org\/{rel}","templated":true}]}}