{"id":1985,"date":"2022-11-14T07:31:29","date_gmt":"2022-11-14T07:31:29","guid":{"rendered":"https:\/\/mueblesitalianos.com\/site\/?post_type=product&#038;p=1985"},"modified":"2022-11-17T16:53:24","modified_gmt":"2022-11-17T16:53:24","slug":"poltrona-armchair","status":"publish","type":"product","link":"https:\/\/mueblesitalianos.com\/site\/producto\/poltrona-armchair\/","title":{"rendered":"Poltrona Armchair"},"content":{"rendered":"<p>Por lo tanto, en 2016 POLTRONA se presenta en una serie limitada de m\u00e1rmol de Carrara &#8220;real-faux&#8221;, esta versi\u00f3n del asiento es parte de las ediciones especiales producidas para celebrar el quincuag\u00e9simo aniversario de Gufram, establecida en 1966.<\/p>\n<p>Gufram conoci\u00f3 a Alessandro Mendini por primera vez en 1974. El contexto es la revista Casabella de la que Mendini en ese momento era director. En la portada de noviembre de ese a\u00f1o, en un interior blanco y un ambiente de piso de parquet brillante, hab\u00eda una mujer descalza con un mono azul sentada en una tumba austera y dif\u00edcil de manejar.<\/p>\n","protected":false},"excerpt":{"rendered":"<p>Por lo tanto, en 2016 POLTRONA se presenta en una serie limitada de m\u00e1rmol de Carrara &#8220;real-faux&#8221;, esta versi\u00f3n del asiento es parte de las ediciones especiales producidas para celebrar el quincuag\u00e9simo aniversario de Gufram, establecida en 1966.<\/p>\n","protected":false},"featured_media":1987,"template":"","meta":{"_joinchat":[]},"product_cat":[23],"product_tag":[],"class_list":{"0":"post-1985","1":"product","2":"type-product","3":"status-publish","4":"has-post-thumbnail","6":"product_cat-gufram-collection","8":"first","9":"outofstock","10":"shipping-taxable","11":"purchasable","12":"product-type-simple"},"aioseo_notices":[],"_links":{"self":[{"href":"https:\/\/mueblesitalianos.com\/site\/wp-json\/wp\/v2\/product\/1985","targetHints":{"allow":["GET"]}}],"collection":[{"href":"https:\/\/mueblesitalianos.com\/site\/wp-json\/wp\/v2\/product"}],"about":[{"href":"https:\/\/mueblesitalianos.com\/site\/wp-json\/wp\/v2\/types\/product"}],"wp:featuredmedia":[{"embeddable":true,"href":"https:\/\/mueblesitalianos.com\/site\/wp-json\/wp\/v2\/media\/1987"}],"wp:attachment":[{"href":"https:\/\/mueblesitalianos.com\/site\/wp-json\/wp\/v2\/media?parent=1985"}],"wp:term":[{"taxonomy":"product_cat","embeddable":true,"href":"https:\/\/mueblesitalianos.com\/site\/wp-json\/wp\/v2\/product_cat?post=1985"},{"taxonomy":"product_tag","embeddable":true,"href":"https:\/\/mueblesitalianos.com\/site\/wp-json\/wp\/v2\/product_tag?post=1985"}],"curies":[{"name":"wp","href":"https:\/\/api.w.org\/{rel}","templated":true}]}}