{"id":1992,"date":"2022-11-17T16:40:40","date_gmt":"2022-11-17T16:40:40","guid":{"rendered":"https:\/\/mueblesitalianos.com\/site\/?post_type=product&#038;p=1992"},"modified":"2023-01-17T19:47:11","modified_gmt":"2023-01-17T19:47:11","slug":"capitello","status":"publish","type":"product","link":"https:\/\/mueblesitalianos.com\/site\/producto\/capitello\/","title":{"rendered":"Capitello"},"content":{"rendered":"<p>Asientos y mesa en poliuretano blando acabado a mano con Guflac\u00ae Ultra.<br \/>\nAdecuado tambi\u00e9n para uso en exteriores. \u00bfQu\u00e9 sucede si una columna griega majestuosa se cae y se rompe en varios pedazos? La respuesta es obvia: se transforma en un sal\u00f3n Gufram. Los restos son en realidad hallazgos arqueol\u00f3gicos contempor\u00e1neos, que dan vida a un sistema modular de asientos -de gusto neocl\u00e1sico y actitud pop- que pueden existir como elementos \u00fanicos o combinarse unos con otros. Este arquetipo arquitect\u00f3nico, producido en poliuretano, se convierte as\u00ed en una serie de objetos de dise\u00f1o industrial de textura suave y ergonom\u00eda acogedora.<\/p>\n<p>La voluta j\u00f3nica, que es la parte superior de la columna y no por casualidad se llam\u00f3 Capitello, se convierte en una lujosa chaise longue.<\/p>\n","protected":false},"excerpt":{"rendered":"<p>Asientos y mesa en poliuretano blando acabado a mano con Guflac\u00ae Ultra.<\/p>\n","protected":false},"featured_media":1993,"template":"","meta":{"_joinchat":[]},"product_cat":[23],"product_tag":[],"class_list":{"0":"post-1992","1":"product","2":"type-product","3":"status-publish","4":"has-post-thumbnail","6":"product_cat-gufram-collection","8":"first","9":"outofstock","10":"shipping-taxable","11":"purchasable","12":"product-type-simple"},"aioseo_notices":[],"_links":{"self":[{"href":"https:\/\/mueblesitalianos.com\/site\/wp-json\/wp\/v2\/product\/1992","targetHints":{"allow":["GET"]}}],"collection":[{"href":"https:\/\/mueblesitalianos.com\/site\/wp-json\/wp\/v2\/product"}],"about":[{"href":"https:\/\/mueblesitalianos.com\/site\/wp-json\/wp\/v2\/types\/product"}],"wp:featuredmedia":[{"embeddable":true,"href":"https:\/\/mueblesitalianos.com\/site\/wp-json\/wp\/v2\/media\/1993"}],"wp:attachment":[{"href":"https:\/\/mueblesitalianos.com\/site\/wp-json\/wp\/v2\/media?parent=1992"}],"wp:term":[{"taxonomy":"product_cat","embeddable":true,"href":"https:\/\/mueblesitalianos.com\/site\/wp-json\/wp\/v2\/product_cat?post=1992"},{"taxonomy":"product_tag","embeddable":true,"href":"https:\/\/mueblesitalianos.com\/site\/wp-json\/wp\/v2\/product_tag?post=1992"}],"curies":[{"name":"wp","href":"https:\/\/api.w.org\/{rel}","templated":true}]}}