{"id":2047,"date":"2022-11-17T16:43:50","date_gmt":"2022-11-17T16:43:50","guid":{"rendered":"https:\/\/mueblesitalianos.com\/site\/?post_type=product&#038;p=2047"},"modified":"2023-01-17T19:46:16","modified_gmt":"2023-01-17T19:46:16","slug":"alvar-sillon","status":"publish","type":"product","link":"https:\/\/mueblesitalianos.com\/site\/producto\/alvar-sillon\/","title":{"rendered":"Alvar Sillon"},"content":{"rendered":"<p>Sentado en el suelo, pero listo para ser trasladado a otro lugar, Alvar es un sill\u00f3n reclinable en espuma de poliuretano estructural que conserva la ligereza y versatilidad de los a\u00f1os sesenta. Despu\u00e9s de cuarenta a\u00f1os ciertamente ha madurado en esp\u00edritu, pero en el fondo de su alma mantiene viva su actitud hippie. En ese momento cre\u00eda que el futuro estaba en la innovaci\u00f3n de los hilos de poli\u00e9ster, pero no quer\u00eda abandonar su creencia en los tejidos naturales. Esta utop\u00eda se ha hecho realidad gracias a los tejidos actuales.<\/p>\n","protected":false},"excerpt":{"rendered":"<p>Sentado en el suelo, pero listo para ser trasladado a otro lugar, Alvar es un sill\u00f3n reclinable en espuma de poliuretano estructural que conserva la ligereza y versatilidad de los a\u00f1os sesenta.<\/p>\n","protected":false},"featured_media":2053,"template":"","meta":{"_joinchat":[]},"product_cat":[23],"product_tag":[],"class_list":{"0":"post-2047","1":"product","2":"type-product","3":"status-publish","4":"has-post-thumbnail","6":"product_cat-gufram-collection","7":"pa_color-blue","8":"pa_color-red","9":"pa_color-yellow","11":"first","12":"outofstock","13":"shipping-taxable","14":"product-type-variable"},"aioseo_notices":[],"_links":{"self":[{"href":"https:\/\/mueblesitalianos.com\/site\/wp-json\/wp\/v2\/product\/2047","targetHints":{"allow":["GET"]}}],"collection":[{"href":"https:\/\/mueblesitalianos.com\/site\/wp-json\/wp\/v2\/product"}],"about":[{"href":"https:\/\/mueblesitalianos.com\/site\/wp-json\/wp\/v2\/types\/product"}],"wp:featuredmedia":[{"embeddable":true,"href":"https:\/\/mueblesitalianos.com\/site\/wp-json\/wp\/v2\/media\/2053"}],"wp:attachment":[{"href":"https:\/\/mueblesitalianos.com\/site\/wp-json\/wp\/v2\/media?parent=2047"}],"wp:term":[{"taxonomy":"product_cat","embeddable":true,"href":"https:\/\/mueblesitalianos.com\/site\/wp-json\/wp\/v2\/product_cat?post=2047"},{"taxonomy":"product_tag","embeddable":true,"href":"https:\/\/mueblesitalianos.com\/site\/wp-json\/wp\/v2\/product_tag?post=2047"}],"curies":[{"name":"wp","href":"https:\/\/api.w.org\/{rel}","templated":true}]}}