{"id":2133,"date":"2022-11-16T21:22:44","date_gmt":"2022-11-16T21:22:44","guid":{"rendered":"https:\/\/mueblesitalianos.com\/site\/?post_type=product&#038;p=2133"},"modified":"2022-11-16T21:22:44","modified_gmt":"2022-11-16T21:22:44","slug":"dress-chair","status":"publish","type":"product","link":"https:\/\/mueblesitalianos.com\/site\/producto\/dress-chair\/","title":{"rendered":"Dress Chair"},"content":{"rendered":"<p>Silla tapizada en piel con estructura interna en tubular de metal y madera. Disponible en los colores completos est\u00e1ndar Blanco, Marr\u00f3n y Negro, y con colores personalizados de la carta de colores. Tambi\u00e9n disponible en dos colores personalizados elegidos de la carta de colores.<\/p>\n","protected":false},"excerpt":{"rendered":"<p>SILLA TAPIZADA EN PIEL<\/p>\n","protected":false},"featured_media":2134,"template":"","meta":{"_joinchat":[]},"product_cat":[20],"product_tag":[],"class_list":{"0":"post-2133","1":"product","2":"type-product","3":"status-publish","4":"has-post-thumbnail","6":"product_cat-fiam-collection","8":"first","9":"outofstock","10":"shipping-taxable","11":"purchasable","12":"product-type-simple"},"aioseo_notices":[],"_links":{"self":[{"href":"https:\/\/mueblesitalianos.com\/site\/wp-json\/wp\/v2\/product\/2133","targetHints":{"allow":["GET"]}}],"collection":[{"href":"https:\/\/mueblesitalianos.com\/site\/wp-json\/wp\/v2\/product"}],"about":[{"href":"https:\/\/mueblesitalianos.com\/site\/wp-json\/wp\/v2\/types\/product"}],"wp:featuredmedia":[{"embeddable":true,"href":"https:\/\/mueblesitalianos.com\/site\/wp-json\/wp\/v2\/media\/2134"}],"wp:attachment":[{"href":"https:\/\/mueblesitalianos.com\/site\/wp-json\/wp\/v2\/media?parent=2133"}],"wp:term":[{"taxonomy":"product_cat","embeddable":true,"href":"https:\/\/mueblesitalianos.com\/site\/wp-json\/wp\/v2\/product_cat?post=2133"},{"taxonomy":"product_tag","embeddable":true,"href":"https:\/\/mueblesitalianos.com\/site\/wp-json\/wp\/v2\/product_tag?post=2133"}],"curies":[{"name":"wp","href":"https:\/\/api.w.org\/{rel}","templated":true}]}}