{"id":2260,"date":"2022-11-17T02:22:10","date_gmt":"2022-11-17T02:22:10","guid":{"rendered":"https:\/\/mueblesitalianos.com\/site\/?post_type=product&#038;p=2260"},"modified":"2023-10-28T00:03:15","modified_gmt":"2023-10-28T00:03:15","slug":"stool-koncord","status":"publish","type":"product","link":"https:\/\/mueblesitalianos.com\/site\/producto\/stool-koncord\/","title":{"rendered":"Stool Koncord"},"content":{"rendered":"<p>Koncord es un taburete de dise\u00f1o vers\u00e1til y ergon\u00f3mico, ideal para todo tipo de ambientes, como contract, zonas dom\u00e9sticas, jardines, terrazas, lounge bar o cocina.<\/p>\n","protected":false},"excerpt":{"rendered":"<p>Koncord is a versatile and ergonomic design stool, ideal to every kind of settings, as contract, domestic areas, gardens, terraces, lounge bars or kitchen.<\/p>\n","protected":false},"featured_media":2271,"template":"","meta":{"_joinchat":[]},"product_cat":[17],"product_tag":[],"class_list":{"0":"post-2260","1":"product","2":"type-product","3":"status-publish","4":"has-post-thumbnail","6":"product_cat-slide-collection","7":"pa_color-black","8":"pa_color-grey","9":"pa_color-pink","10":"pa_color-red","11":"pa_color-silver","12":"pa_color-white","13":"pa_color-yellow","15":"first","16":"instock","17":"shipping-taxable","18":"purchasable","19":"product-type-simple"},"aioseo_notices":[],"_links":{"self":[{"href":"https:\/\/mueblesitalianos.com\/site\/wp-json\/wp\/v2\/product\/2260","targetHints":{"allow":["GET"]}}],"collection":[{"href":"https:\/\/mueblesitalianos.com\/site\/wp-json\/wp\/v2\/product"}],"about":[{"href":"https:\/\/mueblesitalianos.com\/site\/wp-json\/wp\/v2\/types\/product"}],"wp:featuredmedia":[{"embeddable":true,"href":"https:\/\/mueblesitalianos.com\/site\/wp-json\/wp\/v2\/media\/2271"}],"wp:attachment":[{"href":"https:\/\/mueblesitalianos.com\/site\/wp-json\/wp\/v2\/media?parent=2260"}],"wp:term":[{"taxonomy":"product_cat","embeddable":true,"href":"https:\/\/mueblesitalianos.com\/site\/wp-json\/wp\/v2\/product_cat?post=2260"},{"taxonomy":"product_tag","embeddable":true,"href":"https:\/\/mueblesitalianos.com\/site\/wp-json\/wp\/v2\/product_tag?post=2260"}],"curies":[{"name":"wp","href":"https:\/\/api.w.org\/{rel}","templated":true}]}}